{"id":271,"date":"2019-01-29T11:20:45","date_gmt":"2019-01-29T10:20:45","guid":{"rendered":"http:\/\/faustball.esv-ro.de\/?page_id=271"},"modified":"2021-04-18T11:35:07","modified_gmt":"2021-04-18T09:35:07","slug":"bezirksliga-oberbayern-halle-2018-19","status":"publish","type":"page","link":"https:\/\/faustball.esv-ro.de\/?page_id=271","title":{"rendered":"Bezirksliga Oberbayern Halle 2018\/19"},"content":{"rendered":"\n<h2 class=\"wp-block-heading\">So.&nbsp; 20. Jan. 2019 &nbsp;&nbsp;&nbsp;&nbsp;&nbsp;&nbsp;&nbsp;&nbsp;&nbsp;&nbsp;&nbsp;&nbsp;&nbsp;&nbsp; 4. Spieltag Bezirksliga in M\u00fcnchen<\/h2>\n\n\n\n<p>Rosenheim bleibt in der Bezirksliga Oberbayern eine Macht. Die Mannschaft des MTV gewann souver\u00e4n den Titel in der Hallensaison 2018\/19, der ESV Rosenheim belegte den zweiten Platz.<\/p>\n\n\n\n<p>Vor dem letzten Spieltag noch auf Platz 4 der Tabelle gelegen, starteten die M\u00e4nner des ESV eine furiose Aufholjagd und gewannen in M\u00fcnchen souver\u00e4n alle ihre vier Spiele. Lediglich gegen den starken Gegner aus Pei\u00dfenberg musste ein Satz abgegeben werden.<\/p>\n\n\n\n<p>F\u00fcr den ESV Rosenheim spielten:<\/p>\n\n\n\n<figure class=\"wp-block-image\"><img loading=\"lazy\" decoding=\"async\" width=\"300\" height=\"225\" src=\"https:\/\/faustball.esv-ro.de\/wp-content\/uploads\/2019\/01\/20190120_095343-2-300x225.jpg\" alt=\"\" class=\"wp-image-260\"\/><\/figure>\n\n\n\n<p>Hintere Reihe v.L.: G\u00fcnter Hebling, Wolfgang Schittenhelm, Siegfried Bernt, Heinz Heger<\/p>\n\n\n\n<p>vorne v.L: Josef Waritschlager, G\u00fcnter Kallupp,&nbsp; Lothar Link, Manfred Jungwirth.<\/p>\n\n\n\n<p>Die kompletten Ergebnisse der Bezirksliga-Spieltage sind <a href=\"https:\/\/www.faustball.com\/#\/contest\/1095\/competition\" data-type=\"URL\" data-id=\"https:\/\/www.faustball.com\/#\/contest\/1095\/competition\" target=\"_blank\" rel=\"noreferrer noopener\">hier <\/a>verf\u00fcgbar <\/p>\n\n\n\n<h2 class=\"wp-block-heading\">So.&nbsp; 16. Dez. 2018&nbsp;&nbsp;&nbsp;&nbsp;&nbsp;&nbsp;&nbsp;&nbsp;&nbsp;&nbsp;&nbsp;&nbsp;&nbsp;&nbsp;&nbsp; 3. Spieltag Bezirksliga in Pei\u00dfenberg<\/h2>\n\n\n\n<p>Mit einer ausgeglichenen Bilanz (ein Sieg, eine Niederlage) kehrten die M\u00e4nner des ESV aus Pei\u00dfenberg zur\u00fcck.<\/p>\n\n\n\n<p>Im Spiel gegen die Mannschaft des MTV Rosenheim war das Team im ersten Satz lange gut dabei, verlor aber dann mit 7:11. Im zweiten Satz setzte sich die Klasse der gegnerischen Mannschaft durch, der ESV verlor mit 8:11.<\/p>\n\n\n\n<p>Im zweiten Spiel gegen TSV Jahn Freising gelang die Revanche f\u00fcr die knappe Niederlage in der Hinrunde.&nbsp; Mit viel Druck im Angriff und fehlerfreiem Spiel wurde der erst Satz mit 11:7 gewonnen. Im zweite Satz passierten anfangs einige unn\u00f6tige Fehler, das Team des ESV fand jedoch zur\u00fcck ins Spiel und kam mit guten Angriffen zum 11:8 Sieg.<\/p>\n\n\n\n<p>F\u00fcr den ESV Rosenheim spielten:<\/p>\n\n\n\n<p>Siegfried Bernt, Heinz Heger, Manfred Jungwirth, Lothar Link, Josef Waritschlager.<\/p>\n\n\n\n<h2 class=\"wp-block-heading\">So.&nbsp; 25. Nov. 2018&nbsp;&nbsp;&nbsp;&nbsp;&nbsp;&nbsp;&nbsp;&nbsp;&nbsp;&nbsp;&nbsp;&nbsp;&nbsp;&nbsp;&nbsp; 2. Spieltag Bezirksliga in Rosenheim<\/h2>\n\n\n\n<p>Der zweite Spieltag verlief f\u00fcr den ESV gut, die Ausbeute waren 6 Punkte.<\/p>\n\n\n\n<p>Im Spiel gegen die erste Mannschaft des T05 M\u00fcnchen trat das Team mit neuer Aufstellung an. Im ersten Satz waren die M\u00e4nner noch nicht eingespielt und verloren mit 8:11. Im zweiten Satz fand der ESV besser zu seinem Spiel&nbsp; und gewann mit 11:8. Der dritte Satz war hart umk\u00e4mpft, durch unn\u00f6tige Fehler&nbsp; verlor man knapp mit 10:12.<\/p>\n\n\n\n<p>Das zweite Spiel gegen TSV Pei\u00dfenberg war im ersten Satz eine enge Angelegenheit, schlussendlich gewann der ESV mit 11:8. Im zweiten Satz war das Team \u00fcberlegen&nbsp; und siegte mit 11:6.<\/p>\n\n\n\n<p>Das dritte Spiel gegen TSV Jahn Freising 2 war vom Verlauf her gleich, der ESV gewann mit 11:9 und 11:7.<\/p>\n\n\n\n<p>DIe letzte Begegnung gegen die zweite Mannschaft des T05 M\u00fcnchen&nbsp; endete ebenfalls mit einem Sieg, in den S\u00e4tzen mit 11:9 und 11:7.<\/p>\n\n\n\n<p>F\u00fcr den ESV Rosenheim spielten:<\/p>\n\n\n\n<p>Siegfried Bernt, Thomas G\u00f6ntgen, G\u00fcnter Hebling, Heinz Heger, Manfred Jungwirth, Lothar LInk, Wolfgang Schittenhelm, Gerhard Steffek, Josef Waritschlager.<\/p>\n\n\n\n<h2 class=\"wp-block-heading\">So.&nbsp; 18. Nov. 2018&nbsp;&nbsp;&nbsp;&nbsp;&nbsp;&nbsp;&nbsp;&nbsp;&nbsp;&nbsp;&nbsp;&nbsp;&nbsp;&nbsp;&nbsp; 1. Spieltag Bezirksliga in Rosenheim<\/h2>\n\n\n\n<p>Der erste Spieltag verlief f\u00fcr den ESV nicht gut, die Ausbeute waren 0 Punkte.<\/p>\n\n\n\n<p>Im Spiel gegen die Mannschaft des MTV Rosenheim war das Team im ersten Satz chancenlos und verlor mit 11:3. Im zweiten Satz fand der ESV besser zu seinem Spiel , musste jedoch der individuellen Klasse der gegnerischen Mannschaft, die mit mehreren Bundesligaspielern angetreten war, Tribut zollen und verlor mit 11:7.<\/p>\n\n\n\n<p>Das zweite Spiel gegen TSV Jahn Freising wurde im ersten Satz durch die fr\u00fche Verletzung von Manfred Jungwirth erschwert und der Gegner gewann mit 11:7. Der zweite Satz war sehr ausgeglichen, die M\u00e4nner des ESV lieferten einen Kampf auf Augenh\u00f6he und nur durch die pr\u00e4zisen Angaben ihres Hauptschl\u00e4gers Jochen Fagel gewannen die Freisinger knapp mit 12:10.<\/p>\n\n\n\n<p>F\u00fcr den ESV Rosenheim spielten:<\/p>\n\n\n\n<p>Klaus Bechtold, Siegfried Bernt, Heinz Heger, Manfred Jungwirth, G\u00fcnter Kallupp, Wolfgang Schittenhelm, Josef Waritschlager<\/p>\n","protected":false},"excerpt":{"rendered":"<p>So.&nbsp; 20. Jan. 2019 &nbsp;&nbsp;&nbsp;&nbsp;&nbsp;&nbsp;&nbsp;&nbsp;&nbsp;&nbsp;&nbsp;&nbsp;&nbsp;&nbsp; 4. Spieltag Bezirksliga in M\u00fcnchen Rosenheim bleibt in der Bezirksliga Oberbayern eine Macht. Die Mannschaft des MTV gewann souver\u00e4n den Titel in der Hallensaison 2018\/19, der ESV Rosenheim belegte den zweiten Platz. Vor dem letzten<\/p>\n","protected":false},"author":1,"featured_media":0,"parent":0,"menu_order":0,"comment_status":"closed","ping_status":"closed","template":"","meta":{"footnotes":""},"class_list":["post-271","page","type-page","status-publish","hentry"],"_links":{"self":[{"href":"https:\/\/faustball.esv-ro.de\/index.php?rest_route=\/wp\/v2\/pages\/271","targetHints":{"allow":["GET"]}}],"collection":[{"href":"https:\/\/faustball.esv-ro.de\/index.php?rest_route=\/wp\/v2\/pages"}],"about":[{"href":"https:\/\/faustball.esv-ro.de\/index.php?rest_route=\/wp\/v2\/types\/page"}],"author":[{"embeddable":true,"href":"https:\/\/faustball.esv-ro.de\/index.php?rest_route=\/wp\/v2\/users\/1"}],"replies":[{"embeddable":true,"href":"https:\/\/faustball.esv-ro.de\/index.php?rest_route=%2Fwp%2Fv2%2Fcomments&post=271"}],"version-history":[{"count":4,"href":"https:\/\/faustball.esv-ro.de\/index.php?rest_route=\/wp\/v2\/pages\/271\/revisions"}],"predecessor-version":[{"id":663,"href":"https:\/\/faustball.esv-ro.de\/index.php?rest_route=\/wp\/v2\/pages\/271\/revisions\/663"}],"wp:attachment":[{"href":"https:\/\/faustball.esv-ro.de\/index.php?rest_route=%2Fwp%2Fv2%2Fmedia&parent=271"}],"curies":[{"name":"wp","href":"https:\/\/api.w.org\/{rel}","templated":true}]}}