{"id":287,"date":"2019-03-26T16:45:45","date_gmt":"2019-03-26T15:45:45","guid":{"rendered":"http:\/\/faustball.esv-ro.de\/?page_id=287"},"modified":"2019-03-26T17:52:43","modified_gmt":"2019-03-26T16:52:43","slug":"2018-2","status":"publish","type":"page","link":"https:\/\/faustball.esv-ro.de\/?page_id=287","title":{"rendered":"2018"},"content":{"rendered":"\n<p>27. Oktober&nbsp;&nbsp;&nbsp;&nbsp;&nbsp;&nbsp; Internationales Herbstturnier in Seekirchen (\u00d6sterreich)<\/p>\n\n\n\n<p><em>Turniersieger<\/em><\/p>\n\n\n\n<div class=\"wp-block-image\"><figure class=\"aligncenter\"><img loading=\"lazy\" decoding=\"async\" width=\"300\" height=\"235\" src=\"https:\/\/faustball.esv-ro.de\/wp-content\/uploads\/2018\/11\/Seekirchen-Siegerfoto-Oktober-2018-300x235.jpg\" alt=\"\" class=\"wp-image-88\"\/><\/figure><\/div>\n\n\n\n<p>21. Oktober&nbsp; &nbsp; &nbsp; Hallenturnier des ESV in Rosenheim<\/p>\n\n\n\n<p><em>Zweiter<\/em><\/p>\n\n\n\n<p>4.+5. August&nbsp;&nbsp;&nbsp; Deutsche Meisterschaften Feld M\u00e4nner 60+ in Kubsch\u00fctz<\/p>\n\n\n\n<p><em>Deutscher Vizemeister<\/em><\/p>\n\n\n\n<div class=\"wp-block-image\"><figure class=\"aligncenter\"><img loading=\"lazy\" decoding=\"async\" width=\"300\" height=\"209\" src=\"https:\/\/faustball.esv-ro.de\/wp-content\/uploads\/2018\/11\/Kubsch\u00fctz-2018-300x209.jpg\" alt=\"\" class=\"wp-image-92\"\/><\/figure><\/div>\n\n\n\n<p>20. -22. Juli&nbsp;&nbsp;&nbsp;&nbsp;&nbsp; Senioren World Games in V\u00f6cklabruck (\u00d6sterreich)<\/p>\n\n\n\n<p><em>4. Platz M\u00e4nner 60<\/em><\/p>\n\n\n\n<p>24. Juni       Bezirksliga            <\/p>\n\n\n\n<p><em>6. Platz <\/em><\/p>\n\n\n\n<div class=\"wp-block-image\"><figure class=\"aligncenter\"><img loading=\"lazy\" decoding=\"async\" width=\"548\" height=\"255\" src=\"https:\/\/faustball.esv-ro.de\/wp-content\/uploads\/2019\/03\/grafik.png\" alt=\"\" class=\"wp-image-391\" srcset=\"https:\/\/faustball.esv-ro.de\/wp-content\/uploads\/2019\/03\/grafik.png 548w, https:\/\/faustball.esv-ro.de\/wp-content\/uploads\/2019\/03\/grafik-300x140.png 300w\" sizes=\"auto, (max-width: 548px) 100vw, 548px\" \/><\/figure><\/div>\n\n\n\n<p>14.+15. April&nbsp;&nbsp;&nbsp; Deutsche Meisterschaften Halle M\u00e4nner 55+ in Schweinfurt<\/p>\n\n\n\n<p><em>Deutscher Meister<\/em><\/p>\n\n\n\n<div class=\"wp-block-image\"><figure class=\"aligncenter\"><img loading=\"lazy\" decoding=\"async\" width=\"300\" height=\"225\" src=\"https:\/\/faustball.esv-ro.de\/wp-content\/uploads\/2018\/11\/ESV_M55_Siegerfoto-1-300x225.jpg\" alt=\"\" class=\"wp-image-93\"\/><\/figure><\/div>\n\n\n\n<p>24. M\u00e4rz&nbsp;&nbsp;&nbsp;&nbsp;&nbsp;&nbsp;&nbsp;&nbsp;&nbsp;&nbsp;&nbsp; Internationales Fr\u00fchjahrsturnier Halle in Seekirchen (\u00d6sterreich)<\/p>\n\n\n\n<p><em>Turniersieger<\/em><\/p>\n\n\n\n<div class=\"wp-block-image\"><figure class=\"aligncenter\"><img loading=\"lazy\" decoding=\"async\" width=\"300\" height=\"169\" src=\"https:\/\/faustball.esv-ro.de\/wp-content\/uploads\/2018\/11\/Seekirchen-Fr\u00fchjahr-2018-300x169.jpg\" alt=\"\" class=\"wp-image-94\"\/><\/figure><\/div>\n\n\n\n<p>17.+18. Feb. &nbsp; &nbsp;&nbsp; Deutsche Meisterschaften Halle M\u00e4nner 60+ in Gechingen<\/p>\n\n\n\n<p><em>Deutscher Vizemeister<\/em><\/p>\n\n\n\n<div class=\"wp-block-image\"><figure class=\"aligncenter\"><img loading=\"lazy\" decoding=\"async\" width=\"300\" height=\"195\" src=\"https:\/\/faustball.esv-ro.de\/wp-content\/uploads\/2018\/11\/M-60-ESV-Vizemeister-1-300x195.jpg\" alt=\"\" class=\"wp-image-95\"\/><\/figure><\/div>\n\n\n\n<p>28. Januar&nbsp;&nbsp;&nbsp;&nbsp;&nbsp;&nbsp;&nbsp; S\u00fcdd. Meisterschaften Halle M\u00e4nner 60+ in Schwieberdingen<\/p>\n\n\n\n<p><em>S\u00fcddeutscher Meister<\/em><\/p>\n\n\n\n<div class=\"wp-block-image\"><figure class=\"aligncenter\"><img loading=\"lazy\" decoding=\"async\" width=\"300\" height=\"225\" src=\"https:\/\/faustball.esv-ro.de\/wp-content\/uploads\/2018\/11\/Schwieberdingen-2018-300x225.jpg\" alt=\"\" class=\"wp-image-96\"\/><\/figure><\/div>\n\n\n\n<p>14. Januar        Bezirksliga  <\/p>\n\n\n\n<p><em>Meister<\/em><\/p>\n\n\n\n<figure class=\"wp-block-image\"><img loading=\"lazy\" decoding=\"async\" width=\"570\" height=\"203\" src=\"https:\/\/faustball.esv-ro.de\/wp-content\/uploads\/2019\/03\/grafik-2.png\" alt=\"\" class=\"wp-image-397\" srcset=\"https:\/\/faustball.esv-ro.de\/wp-content\/uploads\/2019\/03\/grafik-2.png 570w, https:\/\/faustball.esv-ro.de\/wp-content\/uploads\/2019\/03\/grafik-2-300x107.png 300w\" sizes=\"auto, (max-width: 570px) 100vw, 570px\" \/><\/figure>\n\n\n\n<p><\/p>\n\n\n\n<p><\/p>\n","protected":false},"excerpt":{"rendered":"<p>27. Oktober&nbsp;&nbsp;&nbsp;&nbsp;&nbsp;&nbsp; Internationales Herbstturnier in Seekirchen (\u00d6sterreich) Turniersieger 21. Oktober&nbsp; &nbsp; &nbsp; Hallenturnier des ESV in Rosenheim Zweiter 4.+5. August&nbsp;&nbsp;&nbsp; Deutsche Meisterschaften Feld M\u00e4nner 60+ in Kubsch\u00fctz Deutscher Vizemeister 20. -22. Juli&nbsp;&nbsp;&nbsp;&nbsp;&nbsp; Senioren World Games in V\u00f6cklabruck (\u00d6sterreich) 4. Platz<\/p>\n","protected":false},"author":1,"featured_media":0,"parent":0,"menu_order":0,"comment_status":"closed","ping_status":"closed","template":"","meta":{"footnotes":""},"class_list":["post-287","page","type-page","status-publish","hentry"],"_links":{"self":[{"href":"https:\/\/faustball.esv-ro.de\/index.php?rest_route=\/wp\/v2\/pages\/287","targetHints":{"allow":["GET"]}}],"collection":[{"href":"https:\/\/faustball.esv-ro.de\/index.php?rest_route=\/wp\/v2\/pages"}],"about":[{"href":"https:\/\/faustball.esv-ro.de\/index.php?rest_route=\/wp\/v2\/types\/page"}],"author":[{"embeddable":true,"href":"https:\/\/faustball.esv-ro.de\/index.php?rest_route=\/wp\/v2\/users\/1"}],"replies":[{"embeddable":true,"href":"https:\/\/faustball.esv-ro.de\/index.php?rest_route=%2Fwp%2Fv2%2Fcomments&post=287"}],"version-history":[{"count":10,"href":"https:\/\/faustball.esv-ro.de\/index.php?rest_route=\/wp\/v2\/pages\/287\/revisions"}],"predecessor-version":[{"id":401,"href":"https:\/\/faustball.esv-ro.de\/index.php?rest_route=\/wp\/v2\/pages\/287\/revisions\/401"}],"wp:attachment":[{"href":"https:\/\/faustball.esv-ro.de\/index.php?rest_route=%2Fwp%2Fv2%2Fmedia&parent=287"}],"curies":[{"name":"wp","href":"https:\/\/api.w.org\/{rel}","templated":true}]}}