{"id":33,"date":"2018-11-03T21:26:39","date_gmt":"2018-11-03T20:26:39","guid":{"rendered":"http:\/\/faustball.esv-ro.de\/?page_id=33"},"modified":"2024-12-31T17:17:06","modified_gmt":"2024-12-31T16:17:06","slug":"home","status":"publish","type":"page","link":"https:\/\/faustball.esv-ro.de\/","title":{"rendered":"Home"},"content":{"rendered":"<h1>Willkommen auf der Homepage der ehemaligen Abteilung Faustball des ESV Rosenheim 1929 e.V.<\/h1>\n<p><span style=\"color: #3366ff;\">Auf unserer\u00a0 Webseite finden Sie eine Chronik der Erfolge der ESV-Faustballer und vieles mehr!<\/span><\/p>\n<p><span style=\"color: #ff0000;\">\u00a0Internationaler \u00d6sterreichischer Meister 2024 M\u00e4nner 65 <br \/><\/span><\/p>\n\n\n<figure class=\"wp-block-image size-large\"><img loading=\"lazy\" decoding=\"async\" width=\"1024\" height=\"843\" src=\"https:\/\/faustball.esv-ro.de\/wp-content\/uploads\/2024\/10\/Siegererhrung-1024x843.jpg\" alt=\"\" class=\"wp-image-970\"\/><\/figure>\n\n\n\n<p>  <span class=\"has-inline-color has-luminous-vivid-orange-color\">Deutscher Meister Feld 2021 M\u00e4nner 60<\/span>  <\/p>\n\n\n\n<figure class=\"wp-block-image size-large\"><img loading=\"lazy\" decoding=\"async\" width=\"1024\" height=\"576\" src=\"https:\/\/faustball.esv-ro.de\/wp-content\/uploads\/2021\/08\/Deutscher-Meister-M-60-2021-Feld-1024x576.jpeg\" alt=\"\" class=\"wp-image-693\"\/><\/figure>\n\n\n\n<p>Falls Sie Interesse haben: Mitspieler aller Altersklassen sind willkommen. Unsere Trainingszeiten finden Sie oben rechts auf jeder Seite.<\/p>\n\n\n\n<p>In der <a href=\"https:\/\/www.sueddeutsche.de\/muenchen\/abteilungen-geschlossen-spieler-gesucht-1.4646184\" target=\"_blank\" rel=\"noreferrer noopener\" aria-label=\"S\u00fcddeutschen  (\u00f6ffnet in neuem Tab)\">S\u00fcddeutschen <\/a>Zeitung vom 19.10.2019 wird am Beispiel der Mannschaft der Turnerschaft 1905 M\u00fcnchen \u00fcber die Nachwuchsprobleme der Faustballvereine in Bayern berichtet. <\/p>\n","protected":false},"excerpt":{"rendered":"<p>Willkommen auf der Homepage der ehemaligen Abteilung Faustball des ESV Rosenheim 1929 e.V. Auf unserer\u00a0 Webseite finden Sie eine Chronik der Erfolge der ESV-Faustballer und vieles mehr! \u00a0Internationaler \u00d6sterreichischer Meister 2024 M\u00e4nner 65 Deutscher Meister Feld 2021 M\u00e4nner 60 Falls<\/p>\n","protected":false},"author":1,"featured_media":0,"parent":0,"menu_order":0,"comment_status":"closed","ping_status":"closed","template":"","meta":{"footnotes":""},"class_list":["post-33","page","type-page","status-publish","hentry"],"_links":{"self":[{"href":"https:\/\/faustball.esv-ro.de\/index.php?rest_route=\/wp\/v2\/pages\/33","targetHints":{"allow":["GET"]}}],"collection":[{"href":"https:\/\/faustball.esv-ro.de\/index.php?rest_route=\/wp\/v2\/pages"}],"about":[{"href":"https:\/\/faustball.esv-ro.de\/index.php?rest_route=\/wp\/v2\/types\/page"}],"author":[{"embeddable":true,"href":"https:\/\/faustball.esv-ro.de\/index.php?rest_route=\/wp\/v2\/users\/1"}],"replies":[{"embeddable":true,"href":"https:\/\/faustball.esv-ro.de\/index.php?rest_route=%2Fwp%2Fv2%2Fcomments&post=33"}],"version-history":[{"count":35,"href":"https:\/\/faustball.esv-ro.de\/index.php?rest_route=\/wp\/v2\/pages\/33\/revisions"}],"predecessor-version":[{"id":985,"href":"https:\/\/faustball.esv-ro.de\/index.php?rest_route=\/wp\/v2\/pages\/33\/revisions\/985"}],"wp:attachment":[{"href":"https:\/\/faustball.esv-ro.de\/index.php?rest_route=%2Fwp%2Fv2%2Fmedia&parent=33"}],"curies":[{"name":"wp","href":"https:\/\/api.w.org\/{rel}","templated":true}]}}