{"id":514,"date":"2019-10-27T18:23:53","date_gmt":"2019-10-27T17:23:53","guid":{"rendered":"http:\/\/faustball.esv-ro.de\/?page_id=514"},"modified":"2021-04-18T11:39:19","modified_gmt":"2021-04-18T09:39:19","slug":"feldsaison-2019","status":"publish","type":"page","link":"https:\/\/faustball.esv-ro.de\/?page_id=514","title":{"rendered":"Feldsaison 2019"},"content":{"rendered":"\n<p><strong>ESV ist deutscher Meister\n2019 Feld M\u00e4nner 55<\/strong><\/p>\n\n\n\n<p>Beim Faustballevent des Eimsb\u00fctteler TV Hamburg am\n14.+15.9.2019 mit mehreren deutschen Meisterschaften der Senioren gewann der\nESV den Titel in der Altersklasse M\u00e4nner 55.<\/p>\n\n\n\n<p>In der Vorrunde wurden die Teams vom Gro\u00df Flottbeker SV und\nTV Brettdorf klar mit 2:0 besiegt. Gegen die DJK S\u00fcd Berlin gab es einen harten\nKampf, der erste Satz ging verloren, aber dann konnte der ESV durch Angreifer\nJ\u00f6rg Ramel immer besser punkten und das Spiel mit 2:1 entscheiden. Im letzten\nVorrunden-Match war Bayer 04 Leverkusen der erwartet schwere Gegner. Auf schwer\nbespielbarem Platz hatte der ESV anfangs keinen Erfolg mit seinen Angriffen.\nNach Satzverlust wurde umgestellt und Rudi Blechschmidt schlug auf. Diese\nMa\u00dfnahme war ein voller Erfolg, der ESV konnte das Spiel noch drehen und siegte\nknapp.<\/p>\n\n\n\n<p>Als Gruppenerster zog man ins Halbfinale ein, dort wartete\nmit TV Elsava Elsenfeld ein altbekannter Gegner. Dank der beiden starken\nAngreifer wurde der erste Satz gewonnen. Im zweiten Durchgang kam Elsenfeld\nbesser in Spiel, aber die Abwehr des ESV mit Manfred Jungwirth und Sepp Waritschlager\nkonnte die Angriffe erfolgreich abwehren und mit einem 2:0 Sieg wurde das\nEndspiel erreicht.<\/p>\n\n\n\n<p>Im Finale gegen den TV Wiesel baute der ESV gleich ein\ndruckvolles Spiel auf, durch das pr\u00e4zise Zuspiel von Uwe Sch\u00e4fer wurden die\nbeiden Angreifer des ESV gut in Szene gesetzt. Erst im zweiten Satz konnte der\nGegner mit halblangen B\u00e4llen punkten und das Spiel wurde nochmals richtig\nspannend. Aber zum Satzende kamen die Angriffe des ESV wieder sicherer und es\ngab einen verdienten 2:0 Sieg, der die deutsche Meisterschaft bedeutete.<\/p>\n\n\n\n<p>Die Spieler des ESV: Kurt Frey, J\u00f6rg Ramel, Rudi\nBlechschmidt, Josef Waritschlager, Jochen Fagel, Lothar Link, Andr\u00e9 Marsch (\nhinten v.L.), Uwe Sch\u00e4fer, Dirk Schlender, Manfred Jungwirth, G\u00fcnter Hebling (\nvorne v.L.).<\/p>\n\n\n\n<figure class=\"wp-block-image\"><img loading=\"lazy\" decoding=\"async\" width=\"1024\" height=\"703\" src=\"https:\/\/faustball.esv-ro.de\/wp-content\/uploads\/2019\/10\/ESV-Rosenheim-Deutscher-Meister-M\u00e4nner-55-1024x703.jpg\" alt=\"\" class=\"wp-image-504\"\/><\/figure>\n\n\n\n<p>Die kompletten Ergebnisse und Tabellen der DM 55 finden Sie <a href=\"https:\/\/www.faustball.com\/#\/contest\/1887\/competition\" data-type=\"URL\" data-id=\"https:\/\/www.faustball.com\/#\/contest\/1887\/competition\" target=\"_blank\" rel=\"noreferrer noopener\">hier<\/a>.<\/p>\n\n\n\n<p><strong>ESV belegt Platz 6 beim\nVolksfestturnier 2019 des TSV Freising<\/strong><\/p>\n\n\n\n<p>Die M55 Mannschaft des ESV hat beim Volksfestturnier in\nFreising am 7. September unter 14 Mannschaften den 6. Platz belegt. &nbsp;<\/p>\n\n\n\n<p>In der Gruppenphase erreichten sie den 2. Platz. Die Spiele\ngegen T05 M\u00fcnchen, SV Obertraubling, STV Bettwiesen (CH) konnten deutlich\ngewonnen werden. Die junge Mannschaft von Rendel zeigte dem Team dann doch\nseine Grenzen auf. Nach der 1. Halbzeit f\u00fchrten die M\u00e4nner des ESV noch mit 4\nPunkten, mussten dann aber die Dynamik, Kraft und Kondition &#8222;der\nJugend&#8220; anerkennen und sich letztendlich geschlagen geben. &nbsp;<\/p>\n\n\n\n<p>In der Zwischenrunde waren wieder zwei junge, h\u00f6herklassige\nMannschaften, die STV Affeltrangen (CH) und die TG Landshut die Gegner. Die\nESVler haben sich gut gewehrt, aber letztendlich waren die jungen Spieler\n\u00fcberlegen und gewannen verdient. &nbsp;<\/p>\n\n\n\n<p>Im Spiel um den 5.&nbsp;Platz verlor die Mannschaft denkbar\nknapp (mit einem Punkt) gegen das Team des FC Maxh\u00fctte Haidhof. &nbsp;<\/p>\n\n\n\n<p>F\u00fcr den ESV spielten: Rudi Blechschmidt, Jochen Fagel, Kurt\nFrey, Manfred Jungwirth, Lothar Link , Thomas Paul, Uwe Sch\u00e4fer und Dirk\nSchlender.<\/p>\n\n\n\n<p><strong>ESV wird Dritter beim Hobbyturnier\n2019 des MTV Rosenheim<\/strong><\/p>\n\n\n\n<p>Das allj\u00e4hrliche Hobbyturnier des MTV anl\u00e4sslich des\nRosenheimer Herbstfests fand dieses Jahr unter schwierigen \u00e4u\u00dferen Bedingungen\nstatt. Bei Regen und 14 Grad traten am Samstag, 7. September 2019 zehn\nMannschaften in zwei Gruppen gegeneinander an.<\/p>\n\n\n\n<p>Die &#8222;Eisenbahner&#8220; marschierten souver\u00e4n durch die\nVorrunde, nur ein Satz gegen das Team des Wasserwirtschaftsamts Rosenheim\nmusste abgegeben werden. Als Gruppenerster zog der ESV ins Halbfinale ein.<\/p>\n\n\n\n<p>Dieses Spiel gegen das Team um die B\u00e4\u00dfler-Br\u00fcder war lange\nausgeglichen, beim Seitenwechsel f\u00fchrte der ESV noch mit einem Punkt. Im\nzweiten Teil passierten jedoch einige Eigenfehler und schlussendlich gab es\neine knappe Niederlage.<\/p>\n\n\n\n<p>Im Spiel um Platz 3 ging es wieder gegen das Wasserwirtschaftsamt,\ndiesmal gelang die Revanche und die &#8222;Eisenbahner&#8220; siegten deutlich.<\/p>\n\n\n\n<figure class=\"wp-block-image\"><img loading=\"lazy\" decoding=\"async\" width=\"1024\" height=\"817\" src=\"https:\/\/faustball.esv-ro.de\/wp-content\/uploads\/2019\/09\/Eisenbahner-1024x817.jpg\" alt=\"\" class=\"wp-image-491\"\/><figcaption>Hobbyturnier MTV Rosenheim 2019<\/figcaption><\/figure>\n\n\n\n<p>Die &#8222;Eisenbahner&#8220; (v.L.): Stefan Enderle, Wolfgang\nSchittenhelm, Michael Nied, Elke Dotzauer, Moritz Berthold und Melissa\nRo\u00dfteuscher.<\/p>\n\n\n\n<p><strong>ESV wird Dritter bei der DM\n60 Feld 2019<\/strong><\/p>\n\n\n\n<p>Mit einem hervorragenden dritten Platz kehrte die Mannschaft\n\u00dc60 des ESV von der deutschen Meisterschaft Feld 2019 in \u00dcchtelhausen Ende Juli\nzur\u00fcck.<\/p>\n\n\n\n<p>Es waren 7 Mannschaften am Start, die Vorrunde wurde im\nModus &#8222;Jeder gegen Jeden&#8220; gespielt.<\/p>\n\n\n\n<p>Mit TV Elsava Elsenfeld wartete gleich im ersten Spiel ein\nstarker Gegner. Lange Zeit war der erste Satz ausgeglichen, wegen unn\u00f6tiger\neigener Fehler ging er mit 10:12 verloren. Im zweiten Satz kamen die M\u00e4nner des\nESV besser ins Spiel und gewannen mit 11:7.<\/p>\n\n\n\n<p>Im zweiten Spiel gegen den Turnierfavoriten Leverkusen hatte\ndas Team keine Chancen, mit starken B\u00e4llen des gegnerischen Schl\u00e4gers wurde der\nESV mit 5:11 und 4:11 vom Platz gefegt.<\/p>\n\n\n\n<p>Gegen den Gastgeber aus \u00dcchtelhausen dagegen wurde mit 11:5\nund 11:6 klar gewonnen.<\/p>\n\n\n\n<p>Der MTV Oldendorf war auf regennassem Boden ein unangenehmer\nGegner. Der erste Satz ging knapp mit 9:11 verloren, im zweiten Satz konnte der\nESV den Spie\u00df umdrehen und gewann seinerseits mit 11:9.<\/p>\n\n\n\n<p>Am zweiten Tag musste der ESV zuerst gegen den Ahlhorner SV\nantreten. Das Spiel war hochklassig und wurde in beiden S\u00e4tzen nur knapp mit\n9:11 und 13:15 verloren.<\/p>\n\n\n\n<p>Somit stand das Team im letzten Spiel der Vorrunde gegen den\nSV Kubsch\u00fctz unter Zugzwang, denn nur ein Sieg konnte das Weiterkommen\nerm\u00f6glichen. Aber der ESV war dieser nervlichen Belastung gewachsen und gewann\nmit 11:9 und 11:9. Damit war der vierte Platz in der Vorrunde gesichert und die\nTeilnahme am Halbfinale perfekt.<\/p>\n\n\n\n<p>Dort wartete wieder Leverkusen. Diesmal hatte sich der ESV\nbesser auf den Gegner eingestimmt und konnte das Spiel lange ausgeglichen\ngestalten. Erst zum Ende des ersten Satzes konnte Leverkusen davonziehen und\ngewann mit 8:11. Der zweite Satz ging mit 5:11 verloren, damit war Leverkusen\nim Finale und der ESV spielte um Platz Drei.<\/p>\n\n\n\n<p>Gegen TV Elsava&nbsp; Elsenfeld konnte sich der ESV\nschlussendlich behaupten. Nach sieben Spielen und hohen Temperaturen waren\nbeide Mannschaften am Ende ihre Kr\u00e4fte, so dass kein Team richtig Druck\naufbauen konnte. Rosenheim startete gut, dann kam Elsenfeld heran, doch der ESV\ngewann den ersten Satz noch mit 11:9. Der zweite Satz wurde mit 11:5 klar\ngewonnen und der ESV war damit Dritter der Deutschen Meisterschaft.<\/p>\n\n\n\n<p>Der ESV spielte mit (von links): G\u00fcnter Hebling, Wolfgang\nEschner, Klaus Bechtold, Josef Waritschlager, Lothar Link, Manfred Mifka und\nKarl Baudrexl.<\/p>\n\n\n\n<figure class=\"wp-block-image\"><img loading=\"lazy\" decoding=\"async\" width=\"1024\" height=\"576\" src=\"https:\/\/faustball.esv-ro.de\/wp-content\/uploads\/2019\/07\/DM-60-2019-Feld-\u00dcchtelhausen-1024x576.jpg\" alt=\"\" class=\"wp-image-474\" srcset=\"https:\/\/faustball.esv-ro.de\/wp-content\/uploads\/2019\/07\/DM-60-2019-Feld-\u00dcchtelhausen-1024x576.jpg 1024w, https:\/\/faustball.esv-ro.de\/wp-content\/uploads\/2019\/07\/DM-60-2019-Feld-\u00dcchtelhausen-300x169.jpg 300w, https:\/\/faustball.esv-ro.de\/wp-content\/uploads\/2019\/07\/DM-60-2019-Feld-\u00dcchtelhausen-768x432.jpg 768w, https:\/\/faustball.esv-ro.de\/wp-content\/uploads\/2019\/07\/DM-60-2019-Feld-\u00dcchtelhausen.jpg 1600w\" sizes=\"auto, (max-width: 1024px) 100vw, 1024px\" \/><figcaption>Dritter Platz DM 60 Feld 2019 \u00dcchtelhausen<\/figcaption><\/figure>\n\n\n\n<p>Die kompletten Ergebnisse der DM 60 finden Sie <a href=\"https:\/\/www.faustball.com\/#\/contest\/1927\/competition\" target=\"_blank\" rel=\"noreferrer noopener\">hier<\/a><\/p>\n\n\n\n<p><strong>ESV 2 beendet\nBezirksklasse-Saison Feld 2019 auf dem 3. Platz<\/strong><\/p>\n\n\n\n<p>Beim Spieltag der Bezirksklasse Oberbayern am 20. Juli 2019\nin Simbach konnte die zweite Mannschaft des ESV 5:5 Punkte erringen.<\/p>\n\n\n\n<p>Das Auftakt-Spiel gegen Schwabing verlief wie in der\nHinrunde. Der ESV musste aufgrund Verletzungen mit ge\u00e4nderte Besetzung antreten\nund gewann den ersten Satz nur knapp mit 13:11. Ebenso eng war es im zweiten\nSatz, das Team gewann mit 11:9.<\/p>\n\n\n\n<p>Das zweite Spiel gegen Piding endete unentschieden, nach\nSatzverlust zum 9:11 wurde der zweite Durchgang mit 11:7 gewonnen.<\/p>\n\n\n\n<p>Im dritten Spiel gegen die Gastgeber aus Simbach machte sich\ndas Fehlen von Schlagmann Thomas G\u00f6ntgen bemerkbar, man verlor mit 6:11 und\n8:11.<\/p>\n\n\n\n<p>Das vierte Match gegen die erste Mannschaft der SG Trostberg\n\/ Altenmarkt \/ Feichten wurde klar verloren. Gegen das ungeschlagene Team ging\nder ESV mit 4:11 und 6:11 unter.<\/p>\n\n\n\n<p>Beim letzten Spiel gegen die zweite Mannschaft der SG\nTrostberg \/ Altenmarkt \/ Feichten war der Spielfluss besser und der ESV gewann\nmit 11:6 und 11:5.<\/p>\n\n\n\n<p>Der ESV spielte mit: Klaus Bechtold, Thomas Bittl, Erhard\nEnderle, Heinz Heger, G\u00fcnter Kallupp, Wolfgang Schittenhelm und Gerhard\nSteffek.<\/p>\n\n\n\n<p>Die Ergebnisse des Spieltags sind <a href=\"https:\/\/www.faustball.com\/#\/contest\/1546\/competition\" data-type=\"URL\" data-id=\"https:\/\/www.faustball.com\/#\/contest\/1546\/competition\" target=\"_blank\" rel=\"noreferrer noopener\">hier <\/a>zu finden. Unter Ber\u00fccksichtigung der Ergebnisse der Mannschaften aus Piding und Simbach, die au\u00dfer Konkurrenz antraten und nicht in der Ergebnisliste und der Tabelle zu finden sind, war der ESV punktgleich mit Simbach und belegte nur aufgrund des schlechteren Ballverh\u00e4ltnisses den dritten Platz.<\/p>\n\n\n\n<p><strong>ESV beendet\nBezirksliga-Saison Oberbayern Feld 2019 auf dem 4. Platz<\/strong><\/p>\n\n\n\n<p>Ziel war es, am letzten Spieltag in Freising die beiden\nausstehenden Matches zu gewinnen und damit die Feldrunde 2019 der Bezirksliga\nOberbayern mit einem ausgeglichenen Punktekonto zu beenden. Das ist \u00fcberzeugend\ngelungen.<\/p>\n\n\n\n<p>Das erste Spiel gegen TSV Jahn Freising 1 wurde 2:0 gewonnen\n(1. Satz 11:4, 2. Satz 11:5). Alle Mannschaftsteile, Abwehr, Zuspiel und\nAngriff&nbsp;haben nie Zweifel an einem Sieg aufkommen lassen und spielten\nentsprechend deutlich auf. &nbsp;<\/p>\n\n\n\n<p>Trotz Schulterverletzung von Schlagmann Siegfried Bernt (er\nkonnte nicht mehr auf der Schlagposition spielen) wurde auch gegen T05 M\u00fcnchen\n2&nbsp; mit 2:0 gewonnen (1.Satz 11:7, 2. Satz 11:4). Der Sieg war klar und zu\nkeiner Zeit gef\u00e4hrdet. Auf der Angreiferposition konnte Gerhard Steffek den\nverletzungsbedingten Ausfall des Schlagmanns kompensieren und auch Heinz Heger\nwar als Hintermann tadellos. &nbsp;<\/p>\n\n\n\n<p>Es spielten: Siegfried Bernt, Heinz Heger,\nManfred&nbsp;Jungwirth, Lothar Link und Gerhard Steffek.<\/p>\n\n\n\n<p>Alle Ergebnisse und die aktuelle Tabelle sind <a href=\"https:\/\/www.faustball.com\/#\/contest\/1544\/competition\" target=\"_blank\" rel=\"noreferrer noopener\">hier <\/a>zu finden.<\/p>\n\n\n\n<p><strong>ESV holt vier Punkte in der\nBezirksliga<\/strong><\/p>\n\n\n\n<p>Der dritte Spieltag in der Bezirksliga Oberbayern am 26.\nMai 2019 in Dorfen brachte f\u00fcr die Mannschaft des ESV ein ausgeglichenes\nErgebnis von 4:4 Punkten. <\/p>\n\n\n\n<p>Das erste Spiel gegen TSV Dorfen wurde klar mit 2:0 S\u00e4tzen\ngewonnen.<\/p>\n\n\n\n<p>Das Match gegen TSV Jahn Freising 2 war wie immer gegen\ndiese Mannschaft hart umk\u00e4mpft. Der erste Satz ging erst mit 12:14 verloren,\nder zweite dauerte ebenfalls sehr lang und wurde mit 15:14 gewonnen. Im dritten\nSatz behielt dann Freising mit 11:9 die Oberhand.<\/p>\n\n\n\n<p>Beim Spiel gegen T05 M\u00fcnchen gewann jede Mannschaft einen\nSatz, der dritte war bis zum Spielstand von 12:12 ausgeglichen. Dann\nunterliefen dem ESV zwei Aufschlagfehler und das Spiel ging verloren.<\/p>\n\n\n\n<p>Die Mannschaft vom TSV Pei\u00dfenberg war nicht angetreten, das\nSpiel wurde mit 11:0 und 11:0 f\u00fcr Rosenheim gewertet.<\/p>\n\n\n\n<p>Der ESV spielte mit: Klaus Bechtold, Siegfried Bernt,\nG\u00fcnter Hebling, Manfred Jungwirth, Lothar Link und Josef Waritschlager.<\/p>\n\n\n\n<p><strong>ESV gewinnt Turnier in Piding<\/strong><\/p>\n\n\n\n<p>Am 25. Mai 2019 gewann der ESV das international besetzte\nTurnier der Faustballer aus Piding. Es waren 8 Mannschaften am Start: Neben dem\nbeiden Teams aus dem schweizerischen Effretikon die TSG Trostberg \/ Altenmarkt\n\/ Feichten, der TV Seekirchen, der TSV Simbach, die Spieler der Wasserwirtschafts\u00e4mter\nRosenheim und Traunstein \/ Piding sowie der ESV.<\/p>\n\n\n\n<p>In der Vorrunde (zwei Gruppen zu je 4 Mannschaften) verlor\nder ESV das Spiel gegen Trostberg und belegte den zweiten Platz. Das\nHalbfinalspiel gegen das Wasserwirtschaftsamt Rosenheim wurde gewonnen. Im\nEndspiel wartete wieder die TSG Trostberg \/ Altenmarkt \/ Feichten und es gelang\ndie Revanche f\u00fcr die Niederlage aus der Vorrunde. <\/p>\n\n\n\n<p>Somit wurde der ESV nach dem zweiten Platz im Jahr 2018\nheuer Turniersieger.<\/p>\n\n\n\n<figure class=\"wp-block-image\"><img loading=\"lazy\" decoding=\"async\" width=\"1024\" height=\"683\" src=\"https:\/\/faustball.esv-ro.de\/wp-content\/uploads\/2019\/05\/Turnier-Piding-2019-1024x683.jpg\" alt=\"Turnier Piding 2019\" class=\"wp-image-460\"\/><\/figure>\n\n\n\n<p>Der ESV spielte mit (von links): Josef Waritschlager,\nG\u00fcnter Kallupp, Heinz Heger, Michael Nied und Siegfried Bernt.<\/p>\n\n\n\n<p><strong>Erste Mannschaft kommt in der\nBezirksliga langsam in Schwung<\/strong><\/p>\n\n\n\n<p>Der zweite Spieltag in der Bezirksliga Oberbayern am 19.\nMai 2019 in Pei\u00dfenberg brachte f\u00fcr die erste Mannschaft des ESV ein\nausgeglichenes Ergebnis von 2:2 Punkten.<\/p>\n\n\n\n<p>Das Spiel gegen TSV Jahn Freising 1 wurde 1:2 verloren. Der\nerste Satz war lange Zeit ausgeglichen. Am Ende konnten sich die M\u00e4nner des ESV\nverdient mit 11:7 durchsetzen. Im 2. Satz stand es noch 8:8, dann riss der\nFaden und das Team verlor 8:11. Im 3. Satz lief es in allen Mannschaftsteilen\nnicht mehr und der Satz ging mit 4:11 deutlich verloren.<\/p>\n\n\n\n<p>Das zweite Spiel gegen T05 M\u00fcnchen 2 wurde 2:0 gewonnen.\nDer ESV fand wieder zu einer geordneten Spielweise und gewann den ersten Satz\nmit 11:8. Im 2. Satz hatte der Gegner keine Chance mehr und das Team dominierte\nmit 11:2 klar. <\/p>\n\n\n\n<p>F\u00fcr den ESV spielten: Siegfried Bernt, Klaus Bechtold,\nHeinz Heger, Manfred Jungwirth und Lothar Link <\/p>\n\n\n\n<p><strong>Gelungener Auftakt in der\nBezirksklasse<\/strong><\/p>\n\n\n\n<p>Beim ersten Spieltag der Bezirksklasse Oberbayern am 19.\nMai 2019 in Altenmarkt konnte die zweite Mannschaft des ESV 7:3 Punkte erringen\nund belegt aktuell den zweiten Platz in der Tabelle.<\/p>\n\n\n\n<p>Das Auftakt-Spiel gegen Schwabing verlief spannend. Der ESV\nhatte in der Besetzung noch nie gespielt und gewann den ersten Satz nur knapp\nmit 13:11. Im zweiten Satz fand das Team seinen Rhythmus und gewann mit 11:6. <\/p>\n\n\n\n<p>Im zweiten Spiel gegen Piding war der ESV eingespielt und\ngewann \u00fcberlegen mit 11:5 und 11:9.<\/p>\n\n\n\n<p>Das Spiel gegen Simbach wurde ebenfalls gewonnen, wobei\nbesonders die Abwehrleistung von Erhard Enderle zum Sieg beitrug.<\/p>\n\n\n\n<p>Das vierte Match gegen die erste Mannschaft der SG\nTrostberg \/ Altenmarkt \/ Feichten war hart umk\u00e4mpft. Beim Spiel verletzten sich\nThomas G\u00f6ntgen und Andreas Zoll, dies konnte das Team nicht wegstecken. Daher\nverloren die M\u00e4nner des ESV gegen die junge Mannschaft beide S\u00e4tze mit 11:9. <\/p>\n\n\n\n<p>Beim letzten Spiel gegen die zweite Mannschaft der SG\nTrostberg \/ Altenmarkt \/ Feichten war nach den personellen Umstellungen im\nersten Satz die Konzentration zu niedrig, die verletzten Spieler fehlten in den\nentscheidenden Momenten und man verlor mit 9:11. F\u00fcr den zweiten Satz\nmobilisierte das Team nochmals alle Kr\u00e4fte und gewann mit 15:13.<\/p>\n\n\n\n<p>Der ESV spielte mit: Erhard Enderle, Thomas G\u00f6ntgen, G\u00fcnter\nKallupp, Wolfgang Schittenhelm, Georg Schedel, Gerhard Steffek und Andreas\nZoll.<\/p>\n\n\n\n<p><strong>Holpriger Start in die\nFreiluft-Saison<\/strong><\/p>\n\n\n\n<p>Der erste Spieltag der Feldrunde der Bezirksliga Oberbayern\nam 12. Mai 2019 in Rosenheim fand unter schwierigen \u00e4u\u00dferen Bedingungen statt.\nDauerregen und Temperaturen unter 10 Grad stellten eine gro\u00dfe Herausforderung\nf\u00fcr alle Mannschaften dar.<\/p>\n\n\n\n<p>Das erste Spiel des ESV gegen den TSV Dorfen begann mit\neinem Satzgewinn. Dann aber hatte sich der Gegner besser eingestellt und gewann\ndie beiden folgenden S\u00e4tze.<\/p>\n\n\n\n<p>Das Spiel gegen TSV Jahn Freising 2 war von den beiden\nAufschl\u00e4gern gepr\u00e4gt. Lang ging es im ersten Satz hin und her, ehe der Gegner\nknapp mit 15:14 siegreich war. Im zweiten Satz konnte Jochen Fagel von Freising\nseine Aufschl\u00e4ge besser platzieren und Freising gewann mit 11:8.<\/p>\n\n\n\n<p>Das dritte Spiel gegen T05 M\u00fcnchen war hochklassig und der\nESV konnte in drei S\u00e4tzen gewinnen.<\/p>\n\n\n\n<p>Im vierten Spiel gegen Pei\u00dfenberg machte das Team zu viele\neigene Fehler und verlor klar in zwei S\u00e4tzen.<\/p>\n\n\n\n<p>Somit war die Ausbeute am ersten Spieltag nur 2 Punkte. <\/p>\n\n\n\n<p>F\u00fcr den ESV spielten: Klaus Bechtold, Siegfried Bernt,\nHeinz Heger, Thomas G\u00f6ntgen, Manfred Jungwirth, Lothar Link, Gerhard Steffek,\nJosef Waritschlager.<\/p>\n","protected":false},"excerpt":{"rendered":"<p>ESV ist deutscher Meister 2019 Feld M\u00e4nner 55 Beim Faustballevent des Eimsb\u00fctteler TV Hamburg am 14.+15.9.2019 mit mehreren deutschen Meisterschaften der Senioren gewann der ESV den Titel in der Altersklasse M\u00e4nner 55. In der Vorrunde wurden die Teams vom Gro\u00df<\/p>\n","protected":false},"author":1,"featured_media":0,"parent":0,"menu_order":0,"comment_status":"closed","ping_status":"closed","template":"","meta":{"footnotes":""},"class_list":["post-514","page","type-page","status-publish","hentry"],"_links":{"self":[{"href":"https:\/\/faustball.esv-ro.de\/index.php?rest_route=\/wp\/v2\/pages\/514","targetHints":{"allow":["GET"]}}],"collection":[{"href":"https:\/\/faustball.esv-ro.de\/index.php?rest_route=\/wp\/v2\/pages"}],"about":[{"href":"https:\/\/faustball.esv-ro.de\/index.php?rest_route=\/wp\/v2\/types\/page"}],"author":[{"embeddable":true,"href":"https:\/\/faustball.esv-ro.de\/index.php?rest_route=\/wp\/v2\/users\/1"}],"replies":[{"embeddable":true,"href":"https:\/\/faustball.esv-ro.de\/index.php?rest_route=%2Fwp%2Fv2%2Fcomments&post=514"}],"version-history":[{"count":5,"href":"https:\/\/faustball.esv-ro.de\/index.php?rest_route=\/wp\/v2\/pages\/514\/revisions"}],"predecessor-version":[{"id":665,"href":"https:\/\/faustball.esv-ro.de\/index.php?rest_route=\/wp\/v2\/pages\/514\/revisions\/665"}],"wp:attachment":[{"href":"https:\/\/faustball.esv-ro.de\/index.php?rest_route=%2Fwp%2Fv2%2Fmedia&parent=514"}],"curies":[{"name":"wp","href":"https:\/\/api.w.org\/{rel}","templated":true}]}}