{"id":668,"date":"2021-04-18T12:56:44","date_gmt":"2021-04-18T10:56:44","guid":{"rendered":"http:\/\/faustball.esv-ro.de\/?page_id=668"},"modified":"2021-04-18T12:56:45","modified_gmt":"2021-04-18T10:56:45","slug":"2020-2","status":"publish","type":"page","link":"https:\/\/faustball.esv-ro.de\/?page_id=668","title":{"rendered":"2020"},"content":{"rendered":"\n<p><strong>Dritter Platz bei der internationalen \u00f6sterreichischen Meisterschaft M\u00e4nner 65 in der Halle<\/strong><\/p>\n\n\n\n<p>Bei den internationalen Meisterschaften von \u00d6sterreich am 7.3.2020 in Laakirchen belegte der ESV den dritten Platz.<\/p>\n\n\n\n<p> In den f\u00fcnf Spielen errang der ESV vier Unentschieden und einen Sieg. Die Satzergebnisse gegen: FBC ASK\u00d6 Linz Urfahr 1:1 (Vizemeister), FG Wien 1:1&nbsp; (Meister), SPG Neusiedl 1:1, ASK\u00d6 Laakirchen 1:1 und \u00d6TB Perg 2:0 . <\/p>\n\n\n\n<p>F\u00fcr den ESV haben gespielt (von links):   Siegfried Bernt,   Klaus Bechtold,   Lothar Link ,  Erhard Enderle, Josef Widl und  Karl Baudrexl. <\/p>\n\n\n\n<figure class=\"wp-block-image size-large\"><img loading=\"lazy\" decoding=\"async\" width=\"1024\" height=\"768\" src=\"https:\/\/faustball.esv-ro.de\/wp-content\/uploads\/2020\/03\/\u00d6M65-Halle-2020-1024x768.jpg\" alt=\"\" class=\"wp-image-591\"\/><\/figure>\n\n\n\n<p><strong>Dritter Platz beim Turnier des TSV Altenmarkt<\/strong><\/p>\n\n\n\n<p>Am 7. M\u00e4rz 2020 fand in Altenmarkt das traditionelle &#8222;Leberk\u00e4s-Turnier&#8220; statt. Es waren sieben Mannschaften am Start, der ESV konnte das Turnier als Dritter beenden.<\/p>\n\n\n\n<p>Die Tabelle:<\/p>\n\n\n\n<ol class=\"wp-block-list\"><li>ATSV Salzburg<\/li><li>T05 M\u00fcnchen<\/li><li>ESV Rosenheim<\/li><li>ESV Ingolstadt-Ringsee<\/li><li>SG Trostberg &#8211; Altenmarkt &#8211; Feichten 1<strong> <\/strong><\/li><li>Union Braunau am Inn<\/li><li>SG Trostberg &#8211; Altenmarkt &#8211; Feichten 2 <\/li><\/ol>\n\n\n\n<p>F\u00fcr den ESV spielten: Thomas Dotzauer, Manfred Jungwirth, G\u00fcnter Kallupp,  Lothar Kiermaier,  Andr\u00e9 Marsch, Gerhard Steffek und Josef Waritschlager.<\/p>\n\n\n\n<p><strong>F\u00fcnfter Platz f\u00fcr den ESV bei der DM M\u00e4nner 60 in der Halle<\/strong><\/p>\n\n\n\n<p>Mit dem f\u00fcnften Platz kehrten die M\u00e4nner des ESV von der deutschen Meisterschaft Senioren 60 am 15. + 16. 2. 2020 in Schluttenbach zur\u00fcck<strong>.<\/strong><\/p>\n\n\n\n<p>Die 10 teilnehmenden Mannschaften wurden in zwei Gruppen aufgeteilt und der ESV begann dynamisch. Gegen den Mitfavoriten Ahlhorner SV gab es ein Unentschieden. Das zweite Spiel gegen den Meister von 2018, den ESV Dresden, lief nicht gut. Im ersten Satz passierten viele Eigenfehler und man verlor. Der zweite lief besser, und auch weil Dresden Fehler machte gab es ein Unentschieden. <\/p>\n\n\n\n<p>Der Gastgeber TV Schluttenbach war an dem Tag zu stark f\u00fcr den ESV und das Team konnte nur im ersten Satz mithalten, der knapp verloren ging. Der zweite Satz war eine klare Angelegenheit f\u00fcr den Gegner und so gab es die erste Niederlage f\u00fcr den ESV. Das letzte Spiel gegen die schw\u00e4bische Mannschaft aus Gechingen verlief ausgeglichen, nach Satzgewinn mit 14:12 ging der zweite Satz mit 10:12 verloren. <\/p>\n\n\n\n<p>Die etablierten Schlagm\u00e4nner Siegfried Bernt und G\u00fcnter Hebling waren mit Schulter-Verletzungen zur DM angereist und konnten nicht mit voller Kraft spielen. Mit Hans Wimmer stellte der ESV einen neuen Angreifer, aber auch er konnte nicht verhindern, dass die Vorrunde nicht optimal lief. Nur weil die Ergebnisse der anderen Spiele entsprechend waren, konnte der ESV die Vorrunde als Tabellendritter beenden.  <\/p>\n\n\n\n<p>Im Viertelfinale am n\u00e4chsten Tag traf der ESV auf den Titelverteidiger und sp\u00e4teren Meister Bayer 04 Leverkusen. Das Spiel war eine klare Angelegenheit, Leverkusen gewann in zwei S\u00e4tzen mit 11:4 und 11:5.<\/p>\n\n\n\n<p>Somit spielte der ESV um Platz 5 gegen die TSG Tiefental. Hier konnte die Mannschaft \u00fcberzeugen und siegte mit 11:6 und 12:10.  Der f\u00fcnfte Platz war aufgrund der Verletzungen ein gutes Ergebnis und ein vers\u00f6hnlicher Abschluss dieser Meisterschaft.<\/p>\n\n\n\n<p><\/p>\n\n\n\n<figure class=\"wp-block-image size-large\"><img loading=\"lazy\" decoding=\"async\" width=\"1024\" height=\"683\" src=\"https:\/\/faustball.esv-ro.de\/wp-content\/uploads\/2020\/02\/DM60-Halle-2020-1024x683.jpg\" alt=\"\" class=\"wp-image-581\"\/><figcaption>F\u00fcnfter Platz bei der DM M\u00e4nner 60 Halle 2020<\/figcaption><\/figure>\n\n\n\n<p>Der ESV spielt mit (von links): Siegfried Bernt, Klaus Bechtold, Lothar Link, Manfred Mifka, Josef Waritschlager, Heinz Heger, Manfred Jungwirth, Hans Wimmer und G\u00fcnter Hebling.<\/p>\n\n\n\n<p>Die kompletten Ergebnisse der deutschen Meisterschaft und die Tabellen sind <a href=\"https:\/\/www.faustball.com\/#\/contest\/2275\/competition\" data-type=\"URL\" data-id=\"https:\/\/www.faustball.com\/#\/contest\/2275\/competition\" target=\"_blank\" rel=\"noreferrer noopener\">hier <\/a>zu finden. Auf der Internetseite des Veranstalters TV <a rel=\"noreferrer noopener\" aria-label=\"Schluttenbach  (\u00f6ffnet in neuem Tab)\" href=\"https:\/\/www.tv-schluttenbach.de\/faustball-dm-2020-m60\/fotos\/\" target=\"_blank\">Schluttenbach <\/a>sind Fotos und weitere Berichte zu sehen.<\/p>\n\n\n\n<p><strong>ESV verteidigt vierten Tabellenplatz in der Bezirksliga<\/strong><\/p>\n\n\n\n<p>Mit einem Sieg im letzten Match verteidigte der ESV beim Bezirksliga-Spieltag am 2. 2. 2020 in Pei\u00dfenberg seinen vierten Platz in der Abschlusstabelle der Bezirksliga Oberbayern Halle 2020.<\/p>\n\n\n\n<p>Das erste Spiel gegen die zweite Mannschaft von Jahn Freising begann mit einem Satzgewinn f\u00fcr den ESV. Daraufhin wechselte Freising Steve Ippi als Schl\u00e4ger ein und er gab dem Spiel die entscheidende Wendung, die S\u00e4tze 2 und 3 verlor der ESV knapp mit 11:13 und 9:11.<\/p>\n\n\n\n<p>Im n\u00e4chsten Match  gegen die zweite Mannschaft von T05 M\u00fcnchen machte sich bemerkbar, dass der ESV in dieser Besetzung noch nie zusammen gespielt hatte. Durch viele Eigenfehler und gezielte Aufschl\u00e4ge des Gegners verlor der ESV in zwei S\u00e4tzen mit 13:15 und 11:13.<\/p>\n\n\n\n<p>Daraufhin mobilisierte das Team im letzten Spiel gegen den sp\u00e4teren Meister, die erste Mannschaft von T05 M\u00fcnchen, nochmals alle Kr\u00e4fte. Der erste Satz ging zwar klar mit 4:11 verloren, dann wurde jedoch die Taktik umgestellt und der zweite Satz mit 11:9 gewonnen. Der dritte Satz war, wie fast alle am gesamten Spieltag, wieder hart umk\u00e4mpft, am Ende gewann der ESV sensationell mit 14:12. Das war erst die zweite Niederlage f\u00fcr die M\u00fcnchner in der gesamten Runde und f\u00fcr den ESV eine Entsch\u00e4digung f\u00fcr die beiden vorher knapp verlorenen Spiele.<\/p>\n\n\n\n<p>Der ESV spiele mit Birgit Ertl, Daniela Pilz, Andre Marsch, Wolfgang Schittenhelm und Gerhard Steffek.<\/p>\n\n\n\n<p> Die Abschluss-Tabelle und alle Ergebnisse sind <a href=\"https:\/\/www.faustball.com\/#\/contest\/2005\/competition\" data-type=\"URL\" data-id=\"https:\/\/www.faustball.com\/#\/contest\/2005\/competition\" target=\"_blank\" rel=\"noreferrer noopener\">hier <\/a>zu finden. <\/p>\n\n\n\n<p><strong>ESV beim Turnier in Trostberg im Mittelfeld<\/strong><\/p>\n\n\n\n<p>Zeitgleich zum letzten Spieltag in der Bezirksliga spielten die M\u00e4nner 60 des ESV in Trostberg  beim Peter Pichl Ged\u00e4chtnisturnier. Mit 9 Mannschaften in drei Gruppen war das Turnier gut besetzt.<\/p>\n\n\n\n<p>In der Vorrunde erk\u00e4mpfte der ESV ein Unentschieden gegen Simbach, das andere Spiel gegen die zweite Mannschaft des Gastgebers wurde klar gewonnen.<\/p>\n\n\n\n<p>Als Gruppenerster traf die Mannschaft in der Zwischenrunde auf das junge Team aus Franking. Diese Mannschaft ist auf dem Weg in die oberste \u00f6sterreichische Liga und war an dem Tag zu stark f\u00fcr den ESV.  Auch das zweite Spiel der Zwischenrunde gegen hochklassige Pfaffenhofener wurde deutlich verloren.<\/p>\n\n\n\n<p>So bestritt der ESV das Spiel um Platz 5 gegen das Team aus Braunau. Dessen junge und schnelle Spieler waren an dem Tag zu stark f\u00fcr den ESV, dem die voran gegangenen vier Spiele noch in den Knochen steckten.<\/p>\n\n\n\n<p>So blieb am Ende nur Platz 6, aber die Mannschaft konnte sich f\u00fcr die in 14 Tagen bevorstehende Deutsche Meisterschaft M60 einspielen.<\/p>\n\n\n\n<p>Der ESV spielte mit Klaus Bechtold, Siegfried Bernt, Heinz Heger, Manfred Jungwirth, Lothar Link, Josef Waritschlager und Hans Wimmer.<\/p>\n\n\n\n<p><strong>ESV beendet Bezirksklasse als Dritter<\/strong><\/p>\n\n\n\n<p>Am letzten Spieltag der Bezirksklasse Oberbayern Halle 2020 am 18.1.2020 in Trostberg konnte der ESV  seinen dritten Tabellenplatz  mit  einem Gesamtergebnis von 12:8 Punkten verteidigen.<\/p>\n\n\n\n<p>Das Auftaktspiel gegen  die zweite Mannschaft von  SG Altenmarkt-Feichten-Trostberg wurde nach anf\u00e4nglichen Schwierigkeiten mit 11:8 und 11:6 gewonnen.<\/p>\n\n\n\n<p>Das zweite Match gegen die junge Mannschaft des WV Wacker Burghausen konnte das Team ausgeglichen gestalten. Der erste Satz wurde mit 11:7 gewonnen, im zweiten Satz behielt der Gegner knapp mit 10:12 die Oberhand.<strong> <\/strong><\/p>\n\n\n\n<p>Im dritten Spiel gegen VfL Waldkraiburg konnte der ESV nur anfangs mithalten. Der erste Satz ging mit 7:11 verloren, im zweiten war der Widerstand gebrochen und Waldkraiburg gewann klar mit 11:4.<\/p>\n\n\n\n<p>Das letzte Spiel gegen den sp\u00e4teren Meister,  die erste Mannschaft von  SG Altenmarkt-Feichten-Trostberg  war eine einseitige Angelegenheit. Die beiden Angreifer des Gegners konnten nie ausgeschaltet werden und der ESV verlor klar mit 5:11 und 6:11.<\/p>\n\n\n\n<p>In der Endtabelle war  die erste Mannschaft von  SG Altenmarkt-Feichten-Trostberg  vorne, gefolgt von Waldkraiburg und dem ESV. Die weitern Pl\u00e4tze belegten Burghausen, Simbach und  die zweite Mannschaft von  SG Altenmarkt-Feichten-Trostberg.  <\/p>\n\n\n\n<p> Der ESV spielte mit:  Klaus Bechtold, Siegfried Bernt,  Heinz Heger,  G\u00fcnter Kallupp, Michael Nied, Wolfgang Schittenhelm und Gerhard Steffek. <\/p>\n\n\n\n<p><strong>ESV wird Dritter beim Weihnachtsturnier in Dorfen<\/strong><\/p>\n\n\n\n<p>Am 14.12.2019 fand das traditionelle Weihnachtsturnier des TSV Dorfen statt. Mit Mannschaften aus  Landshut, Burghausen, Ingolstadt, Pfaffenhofen, Freising, Rosenheim,  Salzburg und Braunau war das Turnier stark besetzt.<\/p>\n\n\n\n<p>In ihrer Dreiergruppe startete das Team mit einer Niederlage gegen Pfaffenhofen. Das Spiel gegen Ingolstadt wurde gewonnen und am Ende waren alle drei Mannschaften punktgleich. Daher musste ein Entscheidungsspiel ausgetragen werden, das der ESV gegen Pfaffenhofen nach hartem Kampf  mit 3:2 gewann und als Gruppenerster in die Endrunde einzog.<\/p>\n\n\n\n<p>Dort gab es eine knappe Niederlage gegen die Gastgeber aus Dorfen und so spielte der ESV um Platz 2. Dieses Match gegen Burghausen wurde mit 14:15 verloren, somit beendete die Mannschaft das Turnier mit dem dritten Platz.<\/p>\n\n\n\n<p><strong>ESV am dritten Spieltag der Bezirksliga<\/strong> <strong>erfolgreich<\/strong><\/p>\n\n\n\n<p>Nachdem der Start in die Hallenrunde der Bezirksliga Oberbayern am 10.11.19 in Rosenheim gr\u00fcndlich misslang (nicht zuletzt auch wegen verletzungsbedingten Ausf\u00e4llen einiger Spieler), wollten die M\u00e4nner vom ESV die R\u00fcckrunde unbedingt erfolgreicher gestalten.<\/p>\n\n\n\n<p>Die Vorgabe wurde mit 4:2 Punkten umgesetzt.<\/p>\n\n\n\n<p>Das erste Spiel gegen den TSV Pei\u00dfenberg war hart umk\u00e4mpft. Den ersten Satz verlor der ESV noch mit 8:11, konnte sich dann aber durch eine geschlossene, k\u00e4mpferische Mannschaftleistung in den beiden folgenden S\u00e4tzen mit 11:7 und 11:8 durchsetzen und gewann somit mit 2:1 S\u00e4tzen.<\/p>\n\n\n\n<p>Das zweite Spiel gegen den TSV Jahn Freising 1 war zu keinem Zeitpunkt gef\u00e4hrdet und wurde deutlich mit 2:0 S\u00e4tzen (11:4 und 11:3) entschieden. Abwehr, Zuspiel und Angriff spielten auf hohem Niveau und lie\u00dfen der Mannschaft aus Freising keine Chance. <\/p>\n\n\n\n<p>Im letzten Spiel des Tages gegen den TSV Dorfen musste man sich mit 7:11 und 6:11 geschlagen geben. Die Mannschaft des ESV konnte nur zeitweise Paroli bieten. Dorfen geh\u00f6rt zu den Titelanw\u00e4rtern f\u00fcr diese Hallensaison und gewann auch verdient.<\/p>\n\n\n\n<p>Insgesamt waren Leistung und Punkteausbeute sehr zufriedenstellend.<\/p>\n\n\n\n<p><\/p>\n\n\n\n<p>Es spielten:  Heinz Heger,  Manfred Jungwirth,  Lothar Link,  Andr\u00e8 Marsch, Gerhard Steffek und Sepp Waritschlager .<\/p>\n\n\n\n<p><strong>ESV nach zwei Spieltagen im Mittelfeld der Bezirksliga<\/strong><\/p>\n\n\n\n<p>Der Auftakt der Hallenrunde Bezirksliga Oberbayern am 10.11.2019 in der heimischen Luitpoldhalle verlief nicht gut f\u00fcr den ESV. Es gab in allen drei Spielen Niederlagen.<\/p>\n\n\n\n<p>Gegen den TSV Pei\u00dfenberg wurde gut begonnen, aber nach dem Gewinn des ersten Satzes verlor die Mannschaft die beiden folgen S\u00e4tze knapp. Das Match gegen TSV Jahn Freising war sehr spannend, der erste Satz wurde nach hartem Kampf mit 11:13 verloren, der zweite war eine klare Angelegenheit f\u00fcr Freising. Im dritten Spiel gegen den TSV Dorfen hatte der ESV keine Chance, es machte sich wie schon bei den vorherigen Spielen das verletzungsbedingte Fehlen der Schlagm\u00e4nner Siegfried Bernt und G\u00fcnter Hebling bemerkbar.<\/p>\n\n\n\n<p>Beim zweiten Spieltag am 17.11.2019 in M\u00fcnchen schlug deshalb Kurt Frey f\u00fcr den ESV auf. Gegen die zweite Mannschaft des TSV Freising gab es einen klaren Sieg, ebenso gegen die T05 M\u00fcnchen 2. Die erste Mannschaft des T05 M\u00fcnchen war an dem Tag zu stark f\u00fcr den ESV, beide S\u00e4tze wurden knapp mit 11:9 bzw. 11:8 verloren.<\/p>\n\n\n\n<p>F\u00fcr den ESV spielten: Klaus Bechtold, Kurt Frey, Heinz Heger, Manfred Jungwirth, Lothar Link, Andr\u00e9 March, Gerhard Steffek, Josef Waritschlager.<\/p>\n\n\n\n<p><strong>ESV mit ausgeglichener Bilanz am zweiten Spieltag Bezirksklasse<\/strong><\/p>\n\n\n\n<p>Mit der ausgeglichenen Punkteausbeute von 3:3 kehrten die M\u00e4nner des ESV vom zweiten Spieltag der Bezirksklasse am 3.11.19 in Trostberg zur\u00fcck.<\/p>\n\n\n\n<p>Das Auftakt-Spiel gegen den VfL Waldkraiburg verlief kurios. Im ersten Satz konnte der ESV von vielen Fehlern des Gegners profitieren und gewann mit 11:3. Im zweiten Satz hatten sich die Waldkraiburger eingespielt und machten druckvolle Angriffe. Der ESV hatte dem nichts entgegen zu setzen, produzierte im Gegenteil viele leichtsinnige Eigenfehler, so dass der Satz mit 1:11 verloren ging.<\/p>\n\n\n\n<p>Das zweite Spiel gegen den Favoriten der Liga, der ersten Mannschaft von  SG Altenmarkt-Feichten-Trostberg, verlief einseitig. Der Gegner dominierte, der ESV fand aufgrund verletzungsbedingter Umstellungen nie zu seinem Spiel und die Niederlage war mit 6:11 und 7:11 klar.<\/p>\n\n\n\n<p>Das letzte Match gegen den TSV Simbach konnte der ESV f\u00fcr sich entscheiden, das Ergebnis war  mit 11:7 und 11:9 aber denkbar knapp.<\/p>\n\n\n\n<p>Als Tabellendritter geht der ESV damit in den letzten Spieltag am 18.1.2020.<\/p>\n\n\n\n<p>Der ESV spielte mit:  Thomas Bittl,  Erhard Enderle,  Heinz Heger, G\u00fcnter Kallupp, Michael Nied, Wolfgang Schittenhelm und Gerhard Steffek.<\/p>\n\n\n\n<p><strong>ESV startet erfolgreich in die Bezirksklasse Halle 2019<\/strong><\/p>\n\n\n\n<p>Mit der maximalen Ausbeute von 6 Punkten aus 3 Spielen hat der ESV am ersten Spieltag der Bezirksklasse Oberbayern am 27.10.2019 in Rosenheim einen erfolgreichen Start erwischt.<\/p>\n\n\n\n<p>Das Team aus Simbach wurde im Auftaktspiel erst nach hartem Kampf geschlagen. Gegen die zweite Mannschaft der SG Altenmarkt-Feichten-Trostberg gab es dagegen einen sicheren Sieg. Das dritte Spiel gegen die junge Mannschaft aus Burghausen verlief sehr spannend und nur mit gro\u00dfer Kraftanstrengung wurde der Gegner mit zwei mal 12:10 Punkten niedergerungen.<\/p>\n\n\n\n<p>Der ESV spielte mit:  Klaus Bechtold,  Thomas Bittl,  Erhard Enderle, Manfred Jungwirth, Heinz Heger, Wolfgang Schittenhelm, Gerhard Steffek,  Josef Widl. <\/p>\n\n\n\n<p>Der zweite Spieltag der Bezirksklasse findet am 3. November 2019 in Trostberg statt.<\/p>\n\n\n\n<p><strong>ESV erreicht Spitzenpl\u00e4tze beim Herbstturnier in Seekirchen<\/strong><\/p>\n\n\n\n<p>Mit einem Sieg in der Altersklasse  &#8222;Senioren 60&#8220; und dem zweiten Platz bei der allgemeinen Klasse kehrte der ESV am 19. Oktober 2019 vom Herbstturnier aus Seekirchen (\u00d6sterreich) zur\u00fcck<\/p>\n\n\n\n<p>Am Vormittag standen die Spiele der Senioren auf dem Programm. Die Mannschaften aus Simbach, von M\u00fcnchen-Schwabing und T05 M\u00fcnchen sowie der Gastgeber aus Simbach wurden geschlagen und die M\u00e4nner des ESV konnten ihren Vorjahressieg wiederholen.<\/p>\n\n\n\n<p>Beim allgemeinen Turnier am Nachmittag  wurden die Spiele gegen T05 M\u00fcnchen, Mauerkirchen, Piding und Seekirchen gewonnen. Das Match gegen den sp\u00e4teren Turniersieger SG Altenmarkt-Feichten-Trostberg ging verloren, das bedeutete in der Abschlusstabelle den zweiten Platz. <\/p>\n\n\n\n<figure class=\"wp-block-image\"><img loading=\"lazy\" decoding=\"async\" width=\"1024\" height=\"768\" src=\"https:\/\/faustball.esv-ro.de\/wp-content\/uploads\/2019\/10\/Seekirchen-Herbstturnier-2019-1024x768.jpg\" alt=\"\" class=\"wp-image-513\"\/><figcaption>Seekirchen Herbstturnier 2019<\/figcaption><\/figure>\n\n\n\n<p>Der ESV spielte mit (hinten v.L.): G\u00fcnter Kallupp, Benjamin Bittl, Thomas Bittl, Klaus Bechtold, Thomas G\u00f6ntgen, Manfred Jungwirth, Heinz Heger. Vorne v.L: Gerhard Steffek, Josef Waritschlager, Josef Widl, Lothar Link.<\/p>\n\n\n\n<p><\/p>\n","protected":false},"excerpt":{"rendered":"<p>Dritter Platz bei der internationalen \u00f6sterreichischen Meisterschaft M\u00e4nner 65 in der Halle Bei den internationalen Meisterschaften von \u00d6sterreich am 7.3.2020 in Laakirchen belegte der ESV den dritten Platz. In den f\u00fcnf Spielen errang der ESV vier Unentschieden und einen Sieg.<\/p>\n","protected":false},"author":1,"featured_media":0,"parent":0,"menu_order":0,"comment_status":"closed","ping_status":"closed","template":"","meta":{"footnotes":""},"class_list":["post-668","page","type-page","status-publish","hentry"],"_links":{"self":[{"href":"https:\/\/faustball.esv-ro.de\/index.php?rest_route=\/wp\/v2\/pages\/668","targetHints":{"allow":["GET"]}}],"collection":[{"href":"https:\/\/faustball.esv-ro.de\/index.php?rest_route=\/wp\/v2\/pages"}],"about":[{"href":"https:\/\/faustball.esv-ro.de\/index.php?rest_route=\/wp\/v2\/types\/page"}],"author":[{"embeddable":true,"href":"https:\/\/faustball.esv-ro.de\/index.php?rest_route=\/wp\/v2\/users\/1"}],"replies":[{"embeddable":true,"href":"https:\/\/faustball.esv-ro.de\/index.php?rest_route=%2Fwp%2Fv2%2Fcomments&post=668"}],"version-history":[{"count":1,"href":"https:\/\/faustball.esv-ro.de\/index.php?rest_route=\/wp\/v2\/pages\/668\/revisions"}],"predecessor-version":[{"id":669,"href":"https:\/\/faustball.esv-ro.de\/index.php?rest_route=\/wp\/v2\/pages\/668\/revisions\/669"}],"wp:attachment":[{"href":"https:\/\/faustball.esv-ro.de\/index.php?rest_route=%2Fwp%2Fv2%2Fmedia&parent=668"}],"curies":[{"name":"wp","href":"https:\/\/api.w.org\/{rel}","templated":true}]}}