{"id":754,"date":"2022-06-23T11:18:16","date_gmt":"2022-06-23T09:18:16","guid":{"rendered":"https:\/\/faustball.esv-ro.de\/?page_id=754"},"modified":"2022-06-23T11:22:21","modified_gmt":"2022-06-23T09:22:21","slug":"2021-2","status":"publish","type":"page","link":"https:\/\/faustball.esv-ro.de\/?page_id=754","title":{"rendered":"2021"},"content":{"rendered":"\n<h1 class=\"wp-block-heading\"><\/h1>\n\n\n\n<p><\/p>\n\n\n\n<p id=\"block-b20c997f-d9b1-4995-acd3-aad97b765939\"><strong>Rosenheim: ESV wird Vizemeister in der Bezirksliga<\/strong><\/p>\n\n\n\n<p id=\"block-8139fe64-7d68-453c-8b20-f18907bb65aa\">Der letzte Spieltag der Hallensaison in der Bezirksliga Oberbayern fand am 16.01.22 in Rosenheim statt. Alle 6 Mannschaften trugen ihre abschlie\u00dfenden drei Spiele aus.<\/p>\n\n\n\n<p id=\"block-11992236-60c9-4717-9000-13e86effe93e\">Die SG ESV\/MTV musste aufgrund des Ausfalls mehrerer Spieler ersatzgeschw\u00e4cht antreten. Zu Beginn war die zweite Mannschaft der T05 M\u00fcnchen der Gegner. Im ersten Satz tat sich die Mannschaft schwer, da sie in der Besetzung noch nie gespielt hatte und verlor mit 9:11. Im zweiten Satz kam der ESV besser ins Spiel, nach ausgeglichenem Verlauf wurde mit 11:8 gewonnen. Der dritte Satz ging nach hartem Kampf mit 12:10 an den ESV.<\/p>\n\n\n\n<p id=\"block-2d1fd46e-09b7-4670-88fd-635aa6f2a0d7\">Danach stand das schwere Spiel gegen den Tabellennachbarn SV WB Allianz M\u00fcnchen 2 an. Angreifer Rudi Blechschmidt hatte Schulterprobleme und konnte seine Schl\u00e4ge nicht druckvoll platzieren. Allianz spielte gekonnt auf und der erste Satz ging mit 5:11 verloren. Im zweiten Satz fand die SG ESV\/MTV nie zu ihrem Spiel, mit einem deutlichen 1:11 war die Niederlage besiegelt.<\/p>\n\n\n\n<p id=\"block-b35f8a09-62a9-4aba-8057-0f55939fa551\">Das dritte Spiel gegen TSV Jahn Freising h\u00e4tte gewonnen werden m\u00fcssen, um die Meisterschaft zu erringen. Aber die Umstellungen in der Mannschaft brachten Unruhe ins Team und der erste Satz ging mit 9:11 verloren. Dann war die Luft raus und mit 4:11 gingen Satz und Spiel an den Gegner.<\/p>\n\n\n\n<p id=\"block-c261d653-738e-42f5-b39e-8c857dff48fa\">So blieb der SG ESV\/MTV Rosenheim der zweite Platz in der Abschlusstabelle der Hallenrunde. Aufgrund der personellen Probleme ein wirklich gutes Ergebnis.<\/p>\n\n\n\n<p id=\"block-c21ed3de-d5c3-4a83-9939-3ce680d56975\">Alle Ergebnisse und die Tabelle sind zu finden unter<\/p>\n\n\n\n<p><a href=\"https:\/\/www.faustball.com\/#\/contest\/3662\/competition\" target=\"_blank\" rel=\"noreferrer noopener\">https:\/\/www.faustball.com\/#\/contest\/3662\/competition<\/a><\/p>\n\n\n\n<p id=\"block-c095e0bf-42d0-4ed6-8ffa-a859659bec5d\">Die SG ESV\/MTV Rosenheim spielte mit:<\/p>\n\n\n\n<p id=\"block-2de2ac0d-2018-4297-9bd1-81111c644591\">Rudi Blechschmidt, Erhard Enderle, Reinhard Faltermaier, Heinz Heger, G\u00fcnter Kallupp, Gerhard Steffek, Wolfgang Schittenhelm und Josef Warischlager.<\/p>\n\n\n\n<p id=\"block-23d7f4a6-5d71-431c-aeee-542a664da9f2\"><strong>Rosenheim : ESV bleibt Tabellenf\u00fchrer in der Bezirksliga<\/strong><\/p>\n\n\n\n<p id=\"block-98ca1fcc-e9a4-4065-816c-ecffae5ad156\">Corona-bedingt fand der dritte Spieltag der Bezirksliga Oberbayern nicht wie geplant im Dezember, sondern am 7.1. und 9.1.22 an zwei Orten mit jeweils drei Mannschaften statt: In M\u00fcnchen und in Rosenheim.<\/p>\n\n\n\n<p id=\"block-209c0c55-1e76-4cd6-9156-69bb357880de\">Dort musste die SG ESV\/MTV im ersten Spiel gegen die Nachbarn vom MTV Rosenheim 2 antreten. Dank guter Angriffe durch Florian Schenk war der Gegner ohne Chance und der erste Satz ging klar mit 11:5 an den ESV. Im zweiten war die Gegenwehr des MTV gr\u00f6\u00dfer, Maxi Ortmeier und Benjamin Bittl konnten immer wieder gute Schl\u00e4ge im Feld des ESV platzieren. Schlussendlich setzte sich aber die Routine des ESV-Teams durch und auch der zweite Satz wurde mit 11:8 gewonnen.<\/p>\n\n\n\n<p id=\"block-a56ed6e6-2303-4ebf-9d38-1917ad729303\">Das Spiel gegen den TSV Dorfen war spannender: Im ersten Satz konnten die M\u00e4nner des ESV den Gegner kontrollieren und gewannen mit 11:7. Im zweiten Satz kam Dorfen besser ins Spiel und lieferte dem ESV einen offenen Schlagabtausch. Dank sehr guter Leistungen des Mittelmanns Abdilaziz Lamharraf wurden die Angriffe des Gegners aber erfolgreich abgewehrt und der zweite Satz ging knapp mit 12:10 an den ESV.<\/p>\n\n\n\n<p id=\"block-2bc93afb-114c-42c2-b911-7fc8ee9795ec\">Beim Parallelspieltag in M\u00fcnchen gewann die SV WB Allianz M\u00fcnchen 2 ebenfalls ihre beiden Spiele. Aufgrund des besseren Satzverh\u00e4ltnisses bleibt die SG ESV\/MTV Rosenheim aber auch nach dem dritten Spieltag Tabellenf\u00fchrer.<\/p>\n\n\n\n<p id=\"block-598a52aa-f84d-4160-8424-4635f8532fee\">Die SG ESV\/MTV Rosenheim spielte mit:<\/p>\n\n\n\n<p id=\"block-2a76c4da-cee8-4fed-b94a-c7bde395a52d\">Siegfried Bernt, Erhard Enderle, G\u00fcnter Kallupp, Abdilaziz Lamharraf, Florian Schenk, Wolfgang Schittenhelm, Gerhard Steffek und Josef Waritschlager.<\/p>\n\n\n\n<p id=\"block-834aea7a-c417-43d0-b246-55b8942435b9\">\ufeff<\/p>\n\n\n\n<p id=\"block-52caaea1-e15c-4462-917a-403dc5dcf191\"><strong>Dorfen: ESV verteidigt Tabellenf\u00fchrung in der Bezirksliga<\/strong><\/p>\n\n\n\n<p id=\"block-7798057e-388b-44f7-8896-3663614d98c0\">Ber zweite Spieltag der Bezirksliga Oberbayern fand am 21.11.21 zeitgleich an zwei Orten mit jeweils drei Mannschaften statt: In M\u00fcnchen und in Dorfen.<\/p>\n\n\n\n<p id=\"block-961b900d-e30b-4c84-9836-b848f9af6a33\">Dort musste die SG ESV\/MTV im ersten Spiel gegen die Nachbarn vom MTV Rosenheim 2 antreten. Im ersten Satz tat sich die Mannschaft schwer und fand keine Mittel gegen die variablen Angriffsschl\u00e4ge von Maxi Orthmaier. Somit ging der Satz mit 5:11 an den MTV. Im zweiten Satz kam der ESV besser ins Spiel, nach hartem Kampf wurde mit 12:10 gewonnen. Dann wurde das Team immer st\u00e4rker und gewann den dritten Satz deutlich mit 11:1.<\/p>\n\n\n\n<p id=\"block-356cd38c-1ac3-4dcc-93e1-fe5527d55be3\">Das zweite Spiel gegen die Gastgeber verlief sehr spannend: Im ersten Satz fand Dorfen zu viele L\u00fccken in der ESV Abwehr. Unsere Mannschaft konnten trotzdem gut mithalten und verloren knapp mit 14:15. Im zweiten Satz kam der ESV besser ins Spiel und konnte trotz harter Gegenwehr den Gegner mit 11:9 bezwingen. Der dritte Satz war genauso eng, allerdings konnten einige Angriffe nicht verwertet werden. So ging der Satz und damit das Spiel mit 8:11 verloren.<\/p>\n\n\n\n<p id=\"block-ca9e2105-fe10-4d7e-a131-5c78c80a577d\">Aufgrund des besseren Satzverh\u00e4ltnisses blieb die SG ESV\/MTV Rosenheim aber auch nach dem zweiten Spieltag Tabellenf\u00fchrer.<\/p>\n\n\n\n<p id=\"block-6843c6b9-52aa-4f4a-89ff-36873d2129bc\">Die SG ESV\/MTV Rosenheim spielte mit:<\/p>\n\n\n\n<p id=\"block-7792f71c-26bb-4801-b325-66b7873d423d\">Siegfried Bernt, G\u00fcnter Kallupp, Florian Schenk, Gerhard Steffek und Josef Waritschlager.<\/p>\n\n\n\n<p id=\"block-7c4f50f7-51c9-4477-ac17-4c078e3778d2\"><strong>Rosenheim <\/strong>: <strong>ESV startet erfolgreich in die Bezirksliga<\/strong><\/p>\n\n\n\n<p id=\"block-e8027a31-9a5c-4913-80e2-67d22e5d65ef\">Mit wei\u00dfer Weste ohne einen einzigen Satzverlust startete die SG ESV\/MTV Rosenheim in die Hallensaison 2021\/22 der Bezirksliga Oberbayern. Sechs Mannschaften waren angetreten, Corona &#8211; bedingt wurde nur auf zwei Gewinns\u00e4tze gespielt.<\/p>\n\n\n\n<p id=\"block-9fd1f280-8e67-4e94-bef4-a030d1d23fda\">Gleich im ersten Spiel wartete mit dem SV WB Allianz M\u00fcnchen 2 der amtierende Meister der Feldrunde. Der ESV spielte hoch konzentriert und \u00fcberraschte den Gegner mit gelungenen Spielz\u00fcgen. Vor allem die variantenreichen Angriffsschl\u00e4ge von Florian Schenk brachten die notwendigen Punkte zum Satzgewinn mit 11:7. Im zweiten Satz war der Gegner st\u00e4rker, aber aufgrund seiner Eigenfehler und guter Abwehrarbeit des ESV konnte mit 12:10 ein knapper Sieg errungen werden.<\/p>\n\n\n\n<p id=\"block-f01ab25e-d053-4b40-ba25-c5c7a4d7f933\">Das Spiel gegen die zweite Mannschaft der T05 M\u00fcnchen war eine klare Angelegenheit und der ESV gewann sicher mit 11:4 und 11:7.<\/p>\n\n\n\n<p id=\"block-e8a6f1cc-bfe9-44e5-a0fa-1e2a66df3e8d\">Einmal in Fahrt gekommen, war der ESV auch durch die TSV Jahn Freising nicht zu stoppen, mit 11:5 und 11:9 wurde der dritte Sieg im dritten Spiel errungen.<\/p>\n\n\n\n<p id=\"block-edf37cb9-9ef4-40f7-ad07-3ff8a34b0755\">Damit beendete die SG ESV\/MTV Rosenheim den ersten Spieltag als souver\u00e4ner Tabellenf\u00fchrer.<\/p>\n\n\n\n<p id=\"block-d166ab09-de6a-4e05-a911-3373316352b1\">Die SG ESV\/MTV Rosenheim spielte mit:<\/p>\n\n\n\n<p id=\"block-bc2903d2-26aa-4563-ac86-44cd9b8e5484\">Klaus Bechtold, Siegfried Bernt, Heinz Heger, Lothar Kiermaier, G\u00fcnter Kallupp, Lothar Link, Florian Schenk, Gerhard Steffek und Josef Waritschlager.<\/p>\n\n\n\n<p id=\"block-6ff6d332-4fb0-4d42-8386-4515d253e11c\">\ufeff<\/p>\n\n\n\n<p id=\"block-63309850-f865-472d-b222-a5fc580e27e2\"><strong>Rosenheim wird Deutscher Faustballmeister der M\u00e4nner 60<\/strong><\/p>\n\n\n\n<p id=\"block-cf8b8ca6-e8db-41c3-8928-e4b78a8f4f0a\">Mit dem Titel kehrten die Spieler des MTV Rosenheim von der Deutschen Meisterschaft im Faustball der M\u00e4nner im fr\u00e4nkischen Segnitz zur\u00fcck.<\/p>\n\n\n\n<p id=\"block-afee7230-2e89-47cd-8a16-5268463e035c\">Im ersten Spiel war der Gastgeber TV Segnitz der Gegner. Rosenheim spielte im ersten Turniereinsatz nach der Corona-Zwangspause hochmotiviert und lies Segnitz keine Chance. Mit 11:6 und 11:5 wurden beide S\u00e4tze klar gewonnen.<\/p>\n\n\n\n<p id=\"block-1255dadc-1c85-4eec-84df-51f5b2c968f5\">Ein h\u00e4rterer Gegner war der TV Schluttenbach, zumal widrige Platzverh\u00e4ltnisse die Mannschaften beeintr\u00e4chtigten. Beide S\u00e4tze wurden mit 11:8 gewonnen, wobei es im zweiten beim Spielstand von 8:8 knapp wurde, bevor Rosenheim mit 3 aufeinander gewonnenen Punkten das Spiel entscheid.<\/p>\n\n\n\n<p id=\"block-e8337b9e-9e52-42a7-b596-5577fddd708c\">Im letzten Spiel der Vorrunde hatte Rosenheim Anlaufschwierigkeiten. Der Angreifer des Gegners TSV Bederkesa konnte immer wieder punkten, so dass der erste Satz mit 8:11 verloren ging. Im zweiten mobilisierten die MTVler die letzten Kr\u00e4fte und konnten mit 11:9 gewinnen, was den Gruppensieg und das Halbfinale bedeutete.<\/p>\n\n\n\n<p id=\"block-00c730c0-0e3a-4466-9aa3-365a8c8aca6e\">Dort wartete erneut die Mannschaft von Bederkesa, die sich im Viertelfinale klar gegen die TSG Tiefental durchgesetzt hatte. Es wurde das erwartete Kampfspiel, den ersten Satz gewann Rosenheim erst nach 3 Satzb\u00e4llen mit 13:11. Im zweiten Satz lag Rosenheim lange Zeit in R\u00fcckstand und konnte erst zum 8:8 ausgleichen. Angreifer J\u00f6rg Ramel punktete dann gl\u00e4nzend und der Gewinn des zweiten Satzes mit 11:9 bedeutete den Einzug ins Finale.<\/p>\n\n\n\n<p id=\"block-c76c9c74-8d24-4f2a-b258-a9908725ad4e\">Der Gegner war die Mannschaft von Bayer 04 Leverkusen. Beim letzten Aufeinandertreffen der Teams bei der Hallen-DM 2020 in Schluttenbach hatte Leverkusen noch gesiegt. Diesmal konnten die Rosenheimer den Spie\u00df umdrehen und gewannen klar mit 11:7 und 11:7.<\/p>\n\n\n\n<p id=\"block-4dbfab11-363d-4cbf-af04-5bc1a3b8e8e8\">Alle Ergebnisse und die Tabelle sind zu finden unter<\/p>\n\n\n\n<p><a href=\"https:\/\/www.faustball.com\/#\/contest\/3514\/competition\" target=\"_blank\" rel=\"noreferrer noopener\">https:\/\/www.faustball.com\/#\/contest\/3514\/competition<\/a><\/p>\n\n\n\n<p id=\"block-6e4f30e8-6b65-4231-8388-f48f79d0b602\">Die Deutschen Meister der Feldrunde 2021 waren angetreten mit:<\/p>\n\n\n\n<p id=\"block-8a0c3ac5-6ebd-4be8-9b4f-1027bb681c60\">Karl Baudrexl, Erich Kreuzer, Gerhard Steffek, Klaus Bechtold, Siegfried Bernt, Josef Waritschlager (hintere Reihe v.L.)<\/p>\n\n\n\n<p id=\"block-e04783da-c203-4388-a1a5-c379f7cd5594\">G\u00fcnter Kallupp, Kurt Frey, Lothar Link und J\u00f6rg Ramel (vorne v.L.)<\/p>\n\n\n\n<p id=\"block-9f1891cb-1088-47ad-afe4-e61d6a3862a2\">\ufeff<\/p>\n\n\n\n<figure class=\"wp-block-image\" id=\"block-1a6ce8be-75cd-4262-9075-147736fe592b\"><img decoding=\"async\" src=\"https:\/\/faustball.esv-ro.de\/wp-content\/uploads\/2021\/08\/Teilnehmer-DM-60-Feld-2021-1024x768.jpeg\" alt=\"Dieses Bild hat ein leeres Alt-Attribut. Der Dateiname ist Teilnehmer-DM-60-Feld-2021-1024x768.jpeg\"\/><\/figure>\n\n\n\n<p id=\"block-7edd9357-1367-4e65-bc45-c99cbe1a5a9b\"><strong>ESV wird F\u00fcnfter in der Bezirksliga Oberbayern<\/strong><\/p>\n\n\n\n<p id=\"block-d9eab029-7fa5-4353-9d3a-d3a7427c5e00\">Die Feldrunde 2021 der Bezirksliga Oberbayern war f\u00fcr die sieben Vereine der erste Einsatz nach der Corona-Zwangspause. Staffelleiter Lothar Link schaffte es, die aktuellen Hygiene-Auflagen zu ber\u00fccksichtigen und einen Spielplan mit drei Orten an zwei Terminen zu erstellen.<\/p>\n\n\n\n<p id=\"block-e50834c1-01db-4c4f-b134-018e48be77e4\">Am 19. September fand auf der Sportanlage des ESV Rosenheim der Spieltag f\u00fcr die Gruppe 1 statt.<\/p>\n\n\n\n<p id=\"block-3ef6458b-7217-4201-9758-34e4e52b47a0\">Gleich im ersten Spiel musste der ESV im Lokalderby gegen den MTV Rosenheim 2 antreten. Da einige aus dem Team angeschlagen waren, konnte nie Druck auf den Gegner ausge\u00fcbt werden und der ESV war chancenlos. Es gab eine deutliche 5:11 und 4:11 Niederlage.<\/p>\n\n\n\n<p id=\"block-79aa70cd-f5c8-4c21-9893-95d52542275e\">Beim zweiten Match gegen die Favoriten TSV Dorfen fand der ESV besser ins Spiel, musste der individuellen Klasse des Gegners aber Tribut zollen. Mit 7:11 und 6:11 ging auch dieses Spiel verloren.<\/p>\n\n\n\n<p id=\"block-9844fbd4-41d0-49b0-a4ca-e5dbd53c59b8\">Gegen die zweite Mannschaft der T05 M\u00fcnchen waren die M\u00e4nner des ESV dann eingespielt und gewannen souver\u00e4n mit 11:6 und 11:2.<\/p>\n\n\n\n<p id=\"block-3eeb129d-a109-4b27-aa80-bf04e8a7f9b8\">Damit war der ESV Tabellendritter in der Gruppe 1 nach dem ersten Spieltag und konnte beim zweiten Termin um Platz 5-7 k\u00e4mpfen.<\/p>\n\n\n\n<p id=\"block-e6274021-1606-4c52-8764-a0b0a7ae2a42\">Der zweite Spieltag am 25.9. in Dorfen lief f\u00fcr den ESV optimal: Sowohl gegen die T05 M\u00fcnchen 2 mit 11:8 und 11:9 als auch gegen TSV Jahn Freising mit 11:8 und 12:10 wurde gewonnen. Somit belegte der ESV den 5. Platz in der Abschlusstabelle.<\/p>\n\n\n\n<p id=\"block-6fa23d57-1456-4505-9b01-580474503517\">Die Tabellen und alle Ergebnisse sind zu finden unter<\/p>\n\n\n\n<p><a href=\"https:\/\/www.faustball.com\/#\/contest\/3246\/competition\" target=\"_blank\" rel=\"noreferrer noopener\">https:\/\/www.faustball.com\/#\/contest\/3246\/competition<\/a><\/p>\n\n\n\n<p id=\"block-ab7b998a-5586-4975-a816-854461a0b066\">Der ESV spielte mit Sigi Bernt, G\u00fcnter Kallupp, Lothar Link, Florian Schenk, Thomas Schenk, Wolfgang Schittenhelm, Gerhard Steffek und Sepp Waritschlager.<\/p>\n","protected":false},"excerpt":{"rendered":"<p>Rosenheim: ESV wird Vizemeister in der Bezirksliga Der letzte Spieltag der Hallensaison in der Bezirksliga Oberbayern fand am 16.01.22 in Rosenheim statt. Alle 6 Mannschaften trugen ihre abschlie\u00dfenden drei Spiele aus. Die SG ESV\/MTV musste aufgrund des Ausfalls mehrerer Spieler<\/p>\n","protected":false},"author":1,"featured_media":0,"parent":0,"menu_order":0,"comment_status":"closed","ping_status":"closed","template":"","meta":{"footnotes":""},"class_list":["post-754","page","type-page","status-publish","hentry"],"_links":{"self":[{"href":"https:\/\/faustball.esv-ro.de\/index.php?rest_route=\/wp\/v2\/pages\/754","targetHints":{"allow":["GET"]}}],"collection":[{"href":"https:\/\/faustball.esv-ro.de\/index.php?rest_route=\/wp\/v2\/pages"}],"about":[{"href":"https:\/\/faustball.esv-ro.de\/index.php?rest_route=\/wp\/v2\/types\/page"}],"author":[{"embeddable":true,"href":"https:\/\/faustball.esv-ro.de\/index.php?rest_route=\/wp\/v2\/users\/1"}],"replies":[{"embeddable":true,"href":"https:\/\/faustball.esv-ro.de\/index.php?rest_route=%2Fwp%2Fv2%2Fcomments&post=754"}],"version-history":[{"count":3,"href":"https:\/\/faustball.esv-ro.de\/index.php?rest_route=\/wp\/v2\/pages\/754\/revisions"}],"predecessor-version":[{"id":758,"href":"https:\/\/faustball.esv-ro.de\/index.php?rest_route=\/wp\/v2\/pages\/754\/revisions\/758"}],"wp:attachment":[{"href":"https:\/\/faustball.esv-ro.de\/index.php?rest_route=%2Fwp%2Fv2%2Fmedia&parent=754"}],"curies":[{"name":"wp","href":"https:\/\/api.w.org\/{rel}","templated":true}]}}