{"id":792,"date":"2022-11-18T16:53:23","date_gmt":"2022-11-18T15:53:23","guid":{"rendered":"https:\/\/faustball.esv-ro.de\/?page_id=792"},"modified":"2023-05-22T20:38:12","modified_gmt":"2023-05-22T18:38:12","slug":"2022-2","status":"publish","type":"page","link":"https:\/\/faustball.esv-ro.de\/?page_id=792","title":{"rendered":"2022"},"content":{"rendered":"\n<p>In der Hallensaison 2022-23 erreichte der ESV folgende Ergebnisse:<\/p>\n\n\n\n<p><strong>ESV spielt bei den \u00d6sterreichischen Hallenmasters 2023<\/strong><\/p>\n\n\n\n<p>Am 4. M\u00e4rz 2023 fanden in Wien die internationalen Hallenmasters des \u00d6sterreichischen Faustballverbandes statt. In den Altersklassen 35+ bis 65+ wurden die Titel vergeben, der ESV spielte in der am st\u00e4rksten besetzen Klasse 65+. Es waren innerhalb eines Tages 5 Spiele mit zwei S\u00e4tzen zu absolvieren.<\/p>\n\n\n\n<p>Das Auftakt-Spiel gegen den sp\u00e4teren Sieger Union Schwanenstadt begann der ESV hoch konzentriert. Der erste Satz wurde mit 11:4 gewonnen. Im zweiten Satz hatte sich der Gegner besser auf den ESV eingestellt, gleichzeitig passierten einige vermeidbare Fehler und es wurde mit 6:11 verloren.<\/p>\n\n\n\n<p>Das Spiel gegen BFC ASK\u00d6 Linz Urfahr verlief \u00e4hnlich. Nach einem souver\u00e4nen ersten Satz mit 11:4 war der zweite hart umk\u00e4mpft. Mit 12:14 war die Niederlage denkbar knapp.<\/p>\n\n\n\n<p>Im dritten Spiel gegen des sp\u00e4teren Vizemeister TS Schwarzach fand der ESV nie zu seinem Spiel und verlor mit 8:11 und 3:11.<\/p>\n\n\n\n<p>Das vierte Spiel gegen FVASK\u00d6 Jedlesee war wieder besser. Mit gro\u00dfem Kampf wurde der erste Satz mit 11:9 gewonnen, der zweite Satz ging mit 7:11 an den Gegner.<\/p>\n\n\n\n<p>Im letzten Match gegen den unmittelbaren Tabellennachbarn FG Wien waren die M\u00e4nner des ESV gut dabei und gewannen den ersten Satz mit 11:9. Im zweiten Satz lie\u00dfen die Kr\u00e4fte nach und es wurde knapp mit 11:13 verloren.<\/p>\n\n\n\n<p>Augfrund der bei drei Spielen denkbar knapp verlorenen S\u00e4tze gab es insgesamt vier Unentschieden und eine Niederlage. So beendete der ESV das Turnier auf dem 4. Platz.<\/p>\n\n\n\n<p>Die Ergebnisse aller Spiele und die Tabelle sind <a href=\"https:\/\/www.oefbb.at\/de\/faustball-national\/intern:800\/halle-2023\" target=\"_blank\" rel=\"noreferrer noopener\">hier<\/a><br>zu finden.<\/p>\n\n\n\n<p>F\u00fcr den ESV Rosenheim spielten: Karl Baudrexl,\u00a0 Klaus Bechtold, Siegfried Bernt, Erhard Enderle, G\u00fcnter Kallupp,\u00a0 Lothar Link, Wolfgang Schittenhelm und Josef Widl.<\/p>\n\n\n\n<p><strong>ESV beendet die Bezirksliga mit ausgeglichener Bilanz<\/strong><\/p>\n\n\n\n<p>Am 4. Februar 2023 fand in Rosenheim der letzte Spieltag der Hallensaison<br>2022\/23 in der Bezirksliga Oberbayern statt.<\/p>\n\n\n\n<p>Das erste Spiel gegen die 3. Mannschaft des MTV Rosenheim wurde souver\u00e4n mit<br>11:3 und 11:4 gewonnen. Getr\u00fcbt wurde die Freude \u00fcber den Sieg durch die<br>Verletzung von Felix Schenk. Auch von dieser Stelle gute W\u00fcnsche an ihn und<br>baldige Genesung.<\/p>\n\n\n\n<p>Das Spiel gegen die zweite Mannschaft des MTV Rosenheim war sehr spannend.<br>Immer wieder konnte der ESV kontern und die Niederlage gegen den neuen Meister war<br>mit 9:11 und 9:11 denkbar knapp.<\/p>\n\n\n\n<p>Gegen das Team der T05 M\u00fcnchen 2 gab es ein Unentschieden. Nach dem der erste<br>Satz mit 8:11 verloren ging, wurden einige Umstellungen in der Mannschaft vorgenommen<br>und der zweite Satz mit 11:7 gewonnen.<\/p>\n\n\n\n<p>Im letzten Match gegen die starke Mannschaft der SV WB Allianz M\u00fcnchen 2<br>waren die M\u00e4nner der SG ESV\/MTV gut dabei, gewannen den ersten Satz mit 11:7, verloren<br>den zweiten aber mit 7:11.<\/p>\n\n\n\n<p>Mit einem Sieg, zwei Unentschieden und einer Niederlage beendete der ESV den<br>Spieltag und somit die Bezirksliga-Saison 22\/23 auf dem 4. Platz.<\/p>\n\n\n\n<p>Die Ergebnisse aller Spiele und die Tabelle sind <a href=\"https:\/\/www.faustball.com\/#\/contest\/4540\/competition\" target=\"_blank\" rel=\"noreferrer noopener\">hier<br><\/a>zu finden.<\/p>\n\n\n\n<p>F\u00fcr die SG ESV\/MTV Rosenheim spielten: Siegfried Bernt, Stefan Enderle,<br>Heinz Heger, G\u00fcnter Kallupp, Abdilaziz Lamharraf, Lothar Link, Michael Nied, Thomas<br>Paul, Felix Schenk und Wolfgang Schittenhelm.<\/p>\n\n\n\n<p><strong>ESV belegt mit seiner zweiten Mannschaft den vierten Platz in die Bezirks<\/strong>klasse<\/p>\n\n\n\n<p>Am 3. Dezember 2022 fand in Trostberg der zweite Spieltagen der Bezirksklasse statt. Die M\u00e4nner des ESV verbesserten sich sehr gegen\u00fcber dem ersten Spieltag und erreichten mit zwei Siegen, einen Unentschieden und einer Niederlage den vierten Tabellenplatz. Hier sind die Ergebnisse in der \u00dcbersicht:<\/p>\n\n\n\n<p><object data=\"https:\/\/faustball.esv-ro.de\/wp-content\/uploads\/2022\/12\/2.-Spieltag-Bez-Klasse-Halle-Ergeb.pdf\" type=\"application\/pdf\" width=\"300\" height=\"150\"><\/object><a href=\"https:\/\/faustball.esv-ro.de\/wp-content\/uploads\/2022\/12\/2.-Spieltag-Bez-Klasse-Halle-Ergeb.pdf\">2. Spieltag Bez,-Klasse Halle-Ergeb<\/a><\/p>\n\n\n\n<p><strong>ESV spielt wieder mit ausgeglichener Bilanz in die Bezirksliga<\/strong><\/p>\n\n\n\n<p>Am 26. November fand in M\u00fcnchen der zweite Spieltag der Hallensaison 2022 in der Bezirksliga Oberbayern statt.<\/p>\n\n\n\n<p>Das erste Spiel gegen den Gastgeber T05 M\u00fcnchen 2 wurde nach hartem Kampf mit 12:10 und 11:7 gewonnen. Im zweiten Match gegen den Tabellenf\u00fchrer SV WB Allianz M\u00fcnchen 2 waren die M\u00e4nner der SG ESV\/MTV gut dabei, verloren aber sehr knapp mit 14:15 und 8:11.<\/p>\n\n\n\n<p>Dann verlor das Team gegen den TSV Dorfen mit 7:11 und 8:11.<\/p>\n\n\n\n<p>Im letzten Speil motivierte die Mannschaft nochmals alle Kr\u00e4fte und gewann gegen den TSV Jahn Freising knapp mit 11:8, und 12:10.<\/p>\n\n\n\n<p>F\u00fcr die SG ESV\/MTV Rosenheim spielten: Siegfried Bernt, Stefan Enderle, Heinz Heger, G\u00fcnter Kallupp, Lothar Link, Gerhard Steffek und Josef Waritschlager.<\/p>\n\n\n\n<p><strong>ESV hat mit seiner zweiten Mannschaft wenig Erfolg in die Bezirks<\/strong>klasse<\/p>\n\n\n\n<p>Am 6. November 2022 fand in Trostberg der erste von zwei Spieltagen der Bezirksklasse statt. Die M\u00e4nner des ESV erreichten nur einen Sieg in vier Spielen und stehen auf dem vierten Tabellenplatz. Hier sind die Ergebnisse in der \u00dcbersicht:<\/p>\n\n\n\n<p><object data=\"https:\/\/faustball.esv-ro.de\/wp-content\/uploads\/2022\/11\/1.-Spieltag-Bez-Klasse-Halle-Ergeb.pdf\" type=\"application\/pdf\" width=\"300\" height=\"150\"><\/object><\/p>\n\n\n\n<p><strong>ESV startet mit ausgeglichener Bilanz in die Bezirksliga<\/strong><\/p>\n\n\n\n<p>Am 13. November fand in Dorfen der erste Spieltag der Hallensaison 2022 in der Bezirksliga Oberbayern statt.<\/p>\n\n\n\n<p>Das erste Spiel gegen den Gastgeber TSV Dorfen wurde mit 5:11 und 10:12 verloren. Im zweiten Match gegen den MTV Rosenheim 2 waren die M\u00e4nner der SG ESV\/MTV gut dabei, verloren aber mit 8:11 und 4:11.<\/p>\n\n\n\n<p>Dann kam der ESV besser in Schwung und bezwang MTV Rosenhem 3 mit 12:10 und 11:3. Darauf war der Bann gebrochen und es gab gegen den TSV Jahn Freising einen deutlichen Sieg mit 11:4, und 11:4.<\/p>\n\n\n\n<p>F\u00fcr die SG ESV\/MTV Rosenheim spielten: Klaus Bechtold, Siegfried Bernt, Stefan Enderle, G\u00fcnter Kallupp, Lothar Link, Michael Nied und Josef Waritschlager.<\/p>\n\n\n\n<p><strong>Im  Jahr 2022 wurden in der Feldsaison folgende Ergebnisse erzielt:<\/strong><\/p>\n\n\n\n<p id=\"block-4bc349bd-cab5-45d2-8e1e-585c2c51e03f\"><strong>ESV startet mit ausgeglichener Bilanz in die Bezirksliga<\/strong><\/p>\n\n\n\n<p id=\"block-cc335c3a-8352-4e8f-b624-fcf8d754cd84\">Am 15. Mai fand in Rosenheim der erste Spieltag der Feldsaison 2022 der M\u00e4nner in der Bezirksliga Oberbayern statt.<\/p>\n\n\n\n<p id=\"block-12b07d8e-d2ee-4a96-868c-2c7fca346c29\">Das erste Spiel gegen den TSV Trostberg wurde trotz Gewinn des ersten Satzes mit13:11, 8:11 und 6:11 verloren. Im zweiten Match gegen den MTV Rosenheim2 waren die M\u00e4nner der SG ESV\/MTV ohne Chance und verloren klar mit 5:11 und 9:11.<\/p>\n\n\n\n<p id=\"block-5e4990fb-bc83-4352-bb10-3cdac1a675a8\">Dann kam der ESV besser in Schwung und bezwang den TSV Dorfen mit 11:4 und 11:8. Darauf war der Bann gebrochen und es gab gegen den TSV Jahn Freising einen knappen Sieg mit 11:5, 6:11 und 11:6.<\/p>\n\n\n\n<p id=\"block-0ac9bf6c-5fef-4cb2-9ec3-3fe1834c4238\"><strong>Der zweite Spieltag der Bezirksliga brachte f\u00fcr den ESV ein durchwachsenes Ergebnis<\/strong><\/p>\n\n\n\n<p id=\"block-2ddff17f-9840-424c-93e9-ef45291a55c7\">Bei herrlichem Faustballwetter starteten die ESV\/MTV-Faustballer in den zweiten Bezirksligaspieltag am 22.5.22 auf dem Platz des ESV.<br>Im ersten Spiel traf man auf einen \u00fcberm\u00e4chtigen Gegner, die Mannschaft von SV WB Allianz M\u00fcnchen 2. Trotz heftiger Gegenwehr und verst\u00e4rkt durch Angreifer Felix Schenk konnte man die M\u00fcnchner nicht ernsthaft gef\u00e4hrden und unterlag 4:11 und 5:11.<br>Auch gegen die \u00e4hnlich starken 5 des TSV Unterpfaffenhofen 2 rechneten sich die ESV-ler wenig Chancen aus. Aber mit fortlaufendem Spiel brachte man den Gegner immer mehr in Schwierigkeiten gewann Satz 2 mit 11:7 und hatte die U-hofener am Rande einer Niederlage. In den letzten Ballwechseln hatten wir aber nicht das Gl\u00fcck auf unserer Seite und unterlagen im Entscheidungssatz mit 13:15.<br>Im dritten Spiel gegen den MTV Rosenheim 2 schlichen sich wieder mehr Fehler ins ESV-Spiel ein und so musste man sich mit 7:11 und 4:11 geschlagen geben.<br>So hoffte man, wenigstens im abschlie\u00dfenden Spiel gegen T05 M\u00fcnchen 2 ein positives Ergebnis einzufahren. Da die Kr\u00e4fte im 4. Spiel bei hei\u00dfen Temperaturen bei beiden Mannschaften merklich nachlie\u00dfen, entwickelte sich ein m\u00fchsames und fehlerbehaftetes Spiel, das die ESV-ler mit M\u00fche zu einem 15:14 Satzerfolg brachten. Noch einmal wurden alle Kr\u00e4fte mobilisiert und so ging auch der zweite Satz mit 11:7 an Ro.<br>So musste man den Spieltag mit 2:6 Punkten beenden, konnte aber trotzdem zufrieden auf zum Teil starke Auftritte zur\u00fcckblicken.<br>\ufeff<\/p>\n\n\n\n<p id=\"block-5f82ace7-78bb-4711-a179-1b96f51c7786\">F\u00fcr den ESV\/MTV spielten: Lothar Link, Felix Schenk, Sepp Waritschlager, Thomas Dotzauer, Gerhard Steffek, Siegfried Bernt, Klaus Bechtold.<\/p>\n\n\n\n<p id=\"block-f32d5803-5172-44ef-9fe2-803e77a19544\"><strong>ESV hat beim dritten Spieltag eine ausgeglichene Bilanz<\/strong><\/p>\n\n\n\n<p id=\"block-b3ece7a5-1bef-4f26-8729-42f21b4965f1\">Der dritte Spieltag der Bezirksliga fand am 26.6.22 in Freising statt.<\/p>\n\n\n\n<p id=\"block-95d4f259-883d-4d69-be00-cee5d8b39d1b\">Gleich im ersten Spiel ging es gegen den TSV Trostberg, mit denen man wegen der Hinspielniederlage noch eine Rechnung offen hatte. In einem engen Spiel setzte sich der ESV mit einem gut aufgelegten Angreifer Felix Schenk knapp mit 11:9 11:13 11:9 durch.&nbsp;Im 2. Spiel gegen T05 M\u00fcnchen waren die Rosenheimer mit 6:11 3:11 chancenlos. Aber schon hier zeigten sich schon h\u00e4ufige Fehler im Spielaufbau, die die ESVler den ganzen Spieltag \u00fcber nicht abstellen konnten.&nbsp;So musste man sich auch gegen durchaus bezwingbare Dorfener mit 7:11 9:11 geschlagen geben. Nicht besser ins Spiel kam man in der letzten Begegnung gegen Jahn Freising, hatte aber mit 11:9 10:12 11:8 das bessere Ende seiner Seite.<\/p>\n\n\n\n<p id=\"block-e1392676-b891-4d10-8d11-8cde1123ded7\">F\u00fcr Rosenheim spielten: Lothar Link, Siegi Bernt, Sepp Waritschlager, Gerhard Steffek, Ludwig Heger, Felix Schenk, Reinhard Faltermaier<\/p>\n\n\n\n<p id=\"block-56d6e937-432c-4a09-a6bf-0cd01d8a2ca0\"><strong>ESV tat sich schwer beim vierten Spieltag<\/strong><\/p>\n\n\n\n<p id=\"block-3a8dfc3f-de4f-4b32-b939-00a31867bc4f\">Der vierte Spieltag der Bezirksliga fand am 3.7.22 in Freising statt.<\/p>\n\n\n\n<p id=\"block-9d7a406e-726c-430c-84d2-5ce833ba70ad\">Drei der vier Spiele waren gegen die in der Tabelle f\u00fchrenden Mannschaften. Entsprechend schwer tat sich der ESV.<\/p>\n\n\n\n<p id=\"block-c23ce85a-6cab-44c5-9620-cbda7051813d\">Im 1. Spiel gegen die Mannschaft von SV WB Allianz M\u00fcnchen 2 unterlagen die Rosenheimer mit 9:11 und 3:11. Anschlie\u00dfend ging es gegen die zweite Mannschaft der T05 M\u00fcnchen. Das Spiel war hart umk\u00e4mpft und der ESV konnte sich knapp mit 11:9, 9:11 und 11:9 durchsetzen. Das dritte Spiel gegen die erste Mannschaft der T05 M\u00fcnchen war eine knappe Niederlage mit 11:7 und 11:9. Abschlie\u00dfend war noch das Duell mit dem Team von Unterpfaffenhofen, das mit 5:11 und 8:11 verloren ging.<\/p>\n\n\n\n<p id=\"block-1b3e13aa-3dc7-4452-8ab2-ded10f6c2313\">So endete die Feldrunde f\u00fcr die SG ESV \/ MTV punktgleich mit dem TSV Trostberg, wegen des schlechteren Satzverh\u00e4ltnisses auf dem 7. Platz.<\/p>\n\n\n\n<p id=\"block-0e26d091-b816-47f5-9957-594526ff89fa\">Alle Ergebnisse der Spieltage und die aktuelle Tabelle der Bezirksliga Feld 2022 finden Sie <a rel=\"noreferrer noopener\" href=\"https:\/\/www.faustball.com\/#\/contest\/4059\/competition\" target=\"_blank\">hier<\/a>:<\/p>\n\n\n\n<p><\/p>\n\n\n\n<p id=\"block-0894224d-c317-464e-9278-f3cea1d7bc43\"><strong>MTV belegt Platz 6 bei der Deutschen Meisterschaft In Leverkusen<\/strong><\/p>\n\n\n\n<p id=\"block-e1a74423-d85e-4fb2-8395-5173dcc2e167\">Bei den Deutschen Meisterschaften M\u00e4nner 60 in Leverkusen am 6.+7. August 2022 war der MTV angetreten, seinen Titel zu verteidigen.<\/p>\n\n\n\n<p id=\"block-af16c311-b0e1-4a90-ba9e-0f176c60be39\">Am ersten Spieltag waren die Ergebnisse wie gew\u00fcnscht:<\/p>\n\n\n\n<p id=\"block-73f3a323-6a4a-4e54-920e-4f2e6f8cf011\">Das Auftakt- Spiel gegen die DJK \u00dcchtelhausen wurde klar mit 11:9 und 11:4 gewonnen. Im zweiten Match gegen das starke Team der TSV Bederkesa gab es ein gerechtes Unentschieden von 5:11 und 11:7. Das dritte Spiel gegen TV Schluttenbach endete ebenfalls unentschieden (7:11 und 11:9). Durch einen Sieg im letzten Vorrunden-Spiel mit 11:8 und 11:3 gegen SV Kubsch\u00fctz erreichte der ESV mit 6:2 Punkten den zweiten Tabellen-Platz.<\/p>\n\n\n\n<p id=\"block-f7c8284d-6c39-4c3d-98cb-b894ef5a8478\">Am n\u00e4chsten Tag ging es gegen die TSG Tiefenthal um den Einzug ins Halbfinale. Der ESV fand nie richtig ins Spiel, der gegnerische Angreifer konnte immer wieder punkten, w\u00e4hrend J\u00f6rg Ramel vom ESV nicht wie gewohnt seine Angaben platzierte. Fehler in der Abwehr und im Spielaufbau f\u00fchrten schlie\u00dflich zu einer Niederlage, Tiefenthal konnte beide S\u00e4tze mit 11:6 und 11:9 gewinnen.<\/p>\n\n\n\n<p id=\"block-0d5aac59-6396-42b6-980c-89e2df433ac1\">Somit musste der ESV das Spiel um Platz 5 bestreiten. Die M\u00e4nner um Spielf\u00fchrer Josef Waritschlager verloren nach hartem Kampf in drei S\u00e4tzen gegen den TV Segnitz mit 12:10, 10:12 und 7:11. Somit belegte der SG ESV\/MTV Rosenheim den sechsten Platz bei der Deutschen Meisterschaft Feld 2022.<\/p>\n\n\n\n<p id=\"block-65a26601-52c9-42ce-9169-be972214f4c7\">Alle Spielergebnisse und die Tabellen finden Sie <a rel=\"noreferrer noopener\" href=\"https:\/\/www.faustball.com\/#\/contest\/4495\/competition\" target=\"_blank\">hier<\/a>:<\/p>\n\n\n\n<p id=\"block-631d39ee-324b-496a-b810-2fa86dbbc5b3\">\ufeff<\/p>\n\n\n\n<figure class=\"wp-block-image\" id=\"block-d751c823-cd7c-4870-80e2-7fd540dcfb93\"><img decoding=\"async\" src=\"https:\/\/faustball.esv-ro.de\/wp-content\/uploads\/2022\/08\/DM-60-Feld-2022-1024x683.jpg\" alt=\"Dieses Bild hat ein leeres Alt-Attribut. Der Dateiname ist DM-60-Feld-2022-1024x683.jpg\"\/><figcaption class=\"wp-element-caption\">Das Team der SG MTV\/ESV Rosenheim<\/figcaption><\/figure>\n\n\n\n<p id=\"block-c8340d0e-f658-474d-9c34-21d76f316623\">In Leverkusen waren dabei:<\/p>\n\n\n\n<p id=\"block-ac20ff88-7cb3-4890-8d36-b7f407a66e4e\">Siegfried Bernt, Kurt Frey, Hans Wimmer, Lothar Link, J\u00f6rg Ramel, Gerhard Steffek, Erich Kreuzer, Karl Baudrexl (hinten von links), G\u00fcnter Kallupp, Josef Waritschlager, Klaus Bechtold und Manfred Jungwirth (Foto)<\/p>\n\n\n\n<p>\ufeff<\/p>\n","protected":false},"excerpt":{"rendered":"<p>In der Hallensaison 2022-23 erreichte der ESV folgende Ergebnisse: ESV spielt bei den \u00d6sterreichischen Hallenmasters 2023 Am 4. M\u00e4rz 2023 fanden in Wien die internationalen Hallenmasters des \u00d6sterreichischen Faustballverbandes statt. In den Altersklassen 35+ bis 65+ wurden die Titel vergeben,<\/p>\n","protected":false},"author":1,"featured_media":0,"parent":0,"menu_order":0,"comment_status":"closed","ping_status":"closed","template":"","meta":{"footnotes":""},"class_list":["post-792","page","type-page","status-publish","hentry"],"_links":{"self":[{"href":"https:\/\/faustball.esv-ro.de\/index.php?rest_route=\/wp\/v2\/pages\/792","targetHints":{"allow":["GET"]}}],"collection":[{"href":"https:\/\/faustball.esv-ro.de\/index.php?rest_route=\/wp\/v2\/pages"}],"about":[{"href":"https:\/\/faustball.esv-ro.de\/index.php?rest_route=\/wp\/v2\/types\/page"}],"author":[{"embeddable":true,"href":"https:\/\/faustball.esv-ro.de\/index.php?rest_route=\/wp\/v2\/users\/1"}],"replies":[{"embeddable":true,"href":"https:\/\/faustball.esv-ro.de\/index.php?rest_route=%2Fwp%2Fv2%2Fcomments&post=792"}],"version-history":[{"count":8,"href":"https:\/\/faustball.esv-ro.de\/index.php?rest_route=\/wp\/v2\/pages\/792\/revisions"}],"predecessor-version":[{"id":876,"href":"https:\/\/faustball.esv-ro.de\/index.php?rest_route=\/wp\/v2\/pages\/792\/revisions\/876"}],"wp:attachment":[{"href":"https:\/\/faustball.esv-ro.de\/index.php?rest_route=%2Fwp%2Fv2%2Fmedia&parent=792"}],"curies":[{"name":"wp","href":"https:\/\/api.w.org\/{rel}","templated":true}]}}