{"id":934,"date":"2024-05-06T09:47:14","date_gmt":"2024-05-06T07:47:14","guid":{"rendered":"https:\/\/faustball.esv-ro.de\/?page_id=934"},"modified":"2024-05-06T09:50:49","modified_gmt":"2024-05-06T07:50:49","slug":"2023-2","status":"publish","type":"page","link":"https:\/\/faustball.esv-ro.de\/?page_id=934","title":{"rendered":"2023"},"content":{"rendered":"\n<h1 class=\"wp-block-heading\"><\/h1>\n\n\n\n<p id=\"block-0c831295-3f4d-44fa-8135-d1efc06564cb\"><strong>Spielbericht DM 60 Halle 2024<\/strong><\/p>\n\n\n\n<p id=\"block-e0650969-7371-43b6-9920-9349dc9b1a38\">Am 24.\/25.02.24 reiste die neuformierte M60-Mannschaft des MTV\/ESV Rosenheim ins pf\u00e4lzische Tiefenthal zur Deutschen Meisterschaft. Auch wenn sich das Team etwas mehr erhofft hat, reichte es am Ende doch blo\u00df zu einem 7. Platz.<\/p>\n\n\n\n<p id=\"block-8b13004a-00ae-42d6-84e7-e35c5ad18a97\">Ein enges Match war das erste Spiel gegen den TV Schluttenbach. Trotz starker Gegenwehr der Rosenheimer ging der erste Satz 13:15 verloren. Im zweiten Satz geraten die Rosenheimer wieder in R\u00fcckstand, k\u00e4mpfen sich aber ran, k\u00f6nnen 3 Satzb\u00e4lle abwehren und gewinnen diesen mit 13:11 zum Satzausgleich.<br>Im zweiten Spiel gegen den sp\u00e4teren Deutschen Meister Bayer 04 Leverkusen ist man erst mal chancenlos. Leverkusen punktet nach Belieben, Rosenheim kann nicht dagegenhalten, 2:11. Anders der zweite Satz. Der MTV kann die ersten Angriffe von Leverkusen entsch\u00e4rfen und es entsteht ein offener Schlagabtausch, doch der Satzball bei 10:9 kann nicht genutzt werden, Leverkusen ist cleverer und macht die n\u00e4chsten 3 Punkte zum 10:12.<br>Im dritten Spiel gegen TSV Bederkesa musste mindestens ein Unentschieden her um noch den Einzug ins Viertelfinale zu schaffen. Es entwickelte sich ein Angabenspiel mit Vorteilen f\u00fcr Rosenheim bis zum 8:6. Aber 5 Fehler in Folge bedeuteten den Satzverlust zum 8:11. Doch der MTV lie\u00df nicht nach, drehte den 2. Satz und konnte im Angriff immer h\u00e4ufiger punkten, so dass dieser doch noch 11:7 gewonnen wurde.<\/p>\n\n\n\n<p id=\"block-ecacf81a-2ff1-4c78-be46-0a8737cf63af\">Am 2. Tag ging es gegen den Wardenburger TV um den Einzug ins Halbfinale. Der Satz verlief ausgeglichen, aber nach ein paar Fehlern im Angriff war der 1. Satz mit 8:11 weg. Auch im 2. Satz konnte man sich nicht absetzen und nach ein paar Abstimmungsfehlern in der Abwehr wurde auch der mit 12:14 verloren.<\/p>\n\n\n\n<p id=\"block-c441f301-7878-480e-a157-929451313b90\">Jetzt ging es nur noch um die hinteren Pl\u00e4tze. Wie schon in anderen S\u00e4tzen zuvor konnten auch gegen den TSV Bederkesa trotz Satzf\u00fchrungen und Chancen zum Satzgewinn diese nicht genutzt werden und es setzte ein 10:12 und 9:11.<br>Der erste Satz im letzten Spiel gegen den TV Segnitz verlief genauso, 11:13. Im zweiten Satz konnte der MTV Rosenheim endlich mal eine F\u00fchrung zu Ende bringen und 11:7 gewinnen.<br>So muss man das Fazit ziehen, dass trotz teils guter Leistungen es nicht zu einer besseren Plazierung reichte, da die vorhandenen Chancen nicht genutzt wurden.<\/p>\n\n\n\n<p id=\"block-0aad5421-2bf2-43c5-b41f-c6cfdc2d0c87\">Alle Ergebnisse und die Tabelle der Meisterschaft sind <a href=\"https:\/\/www.faustball.com\/#\/contest\/6300\/competition\" target=\"_blank\" rel=\"noreferrer noopener\">hier <\/a>zu finden.<\/p>\n\n\n\n<p id=\"block-bd8d31cd-39ae-4a28-855f-11e0832136ea\">Mit von der Partie waren (von links): Siegfried Bernt, Josef Waritschlager, G\u00fcnter Kallupp, Klaus Bechtold, Manfred Jungwirth, Dirk Schlender, Werner Sch\u00e4fer und Rudi Blechschmidt<\/p>\n\n\n\n<figure class=\"wp-block-image\" id=\"block-9ded0e41-ff35-49ea-a8e7-69bd391ece0d\"><img decoding=\"async\" src=\"https:\/\/faustball.esv-ro.de\/wp-content\/uploads\/2024\/02\/IMG_20240224_101915-1024x768.jpg\" alt=\"Dieses Bild hat ein leeres Alt-Attribut. Der Dateiname ist IMG_20240224_101915-1024x768.jpg\"\/><figcaption class=\"wp-element-caption\">Mannschaft MTV bei der DM M\u00e4nner 60 Halle 2024<\/figcaption><\/figure>\n\n\n\n<p id=\"block-f242b634-984a-4886-8ddd-eaf0bf4d4897\"><strong>ESV sichert den zweiten Tabellenplatz<\/strong><br>Den letzten Bezirksliga-Spieltag in Dorfen konnte die Spielgemeinschaft ESV\/MTV Rosenheim mit zwei Siegen und zwei Unentschieden abschlie\u00dfen.<br>Das erste Spiel gegen Jahn Freising war eine klare Angelegenheit. Durch ein paar spektakul\u00e4re Abwehraktionen von Oldie Klaus Bechtold war der gegnerische Angriff entsch\u00e4rft und der ESV mit den beiden Angreifern Florian und Felix Schenk brachten den Satz sicher mit 11:4 und 11:7 nach Hause.<br>Eine andere Nummer war dann das zweite Spiel gegen die Allianz M\u00fcnchen, das auch ein Kampf um den zweiten Tabellenplatz war. Trotz sehenswerter Angriffsaktionen von Hauptangreifer Florian Schenk hatte man im ersten Satz mit 10:12 das Nachsehen, da der M\u00fcnchner Angreifer vor allem mit plazierten Angaben immer wieder L\u00fccken in der Rosenheimer Defensive fand. Im zweiten Satz konnte sich die ESV-F\u00fcnf besser darauf einstellen und der Angriff erledigte den Rest zum 11:7 und Satzausgleich.<br>Im dritten Spiel gegen den TSV Dorfen schlichen sich dann schon mehr unn\u00f6tige Fehler ein. Trotzdem reichte es zu einem ungef\u00e4hrdeten 11:6 und 11:8 Sieg.<br>Mit 5:1 Punkten im R\u00fccken sollte eigentlich im letzten Spiel gegen T05 M\u00fcnchen nichts mehr passieren. Aber die Rosenheimer Aktionen wurden immer fehlerhafter. Im ersten Satz reichte es noch zu einem 11:7. Aber im zweiten Satz konnten durch missgl\u00fcckte Abwehraktionen die beiden Angreifer nicht mehr entscheidend bedient werden und so folgte konsequenterweise ein 8:11 zum Satzunentschieden.<br>Mit von der Partie in Dorfen waren: Felix Schenk, Florian Schenk, Gerhard Steffek, Manfred Jungwirth, Sepp Waritschlager, G\u00fcnter Kallupp, Klaus Bechtold.<\/p>\n\n\n\n<p id=\"block-652b58b4-6a95-490a-be87-ef5b25760041\">Da in der Hallensaison 2023\/24 nur der MTV Rosenheim 2 besser abschnitt, beendete die SG ESV\/MTV mit dem zweiten Tabellenplatz die Bezirksliga-Runde<\/p>\n\n\n\n<p id=\"block-145a37af-b12b-488a-98e0-bf724ac3ed38\">Alle Ergebnisse und die Tabelle des Spieltags sind <a href=\"https:\/\/www.faustball.com\/#\/contest\/5954\/competition\" target=\"_blank\" rel=\"noreferrer noopener\">hier <\/a>zu finden.<\/p>\n\n\n\n<p id=\"block-318d919a-c26f-4936-939d-f648730a0f52\"><strong>ESV ist in der Bezirksliga gut ins neue Jahr gestartet<\/strong><\/p>\n\n\n\n<p id=\"block-f32706bb-1ab8-4579-bc87-08c395e7a3f0\">Beim Spieltag am 7.1.2024 in der Rosenheimer Gaborhalle konnte die SG ESV\/MTV drei Siege einfahren.<\/p>\n\n\n\n<p id=\"block-a1199ee2-8396-4540-b1e6-a0175785e454\">Beim Spiel gegen die TSV Dorfen legten die M\u00e4nner um Spielf\u00fchrer Sepp Waritschlager im ersten Satz richtig los und f\u00fchrten schnell 9:3. Danach steigerte sich der Gegner und der Satz war sehr ausgeglichen, ehe der ESV m\u00fchsam mit 14:12 gewinnen konnte. Im zweiten Satz behielten die ESVler die Oberhand und siegten mit 11:8.<\/p>\n\n\n\n<p id=\"block-3a44f282-a3a5-4f4b-860c-d152771f8519\">Der Gegner im zweiten Spiel, der VfL Waldkraiburg konnte nur mit 4 Spielern antreten. Trotzdem entwickelte sich ein abwechslungsreiches Match, das die SG ESV\/MTV schlie\u00dflich mit 11:7 und 11:7 gewann.<\/p>\n\n\n\n<p id=\"block-781cdf65-47df-4eb0-8233-2d27ec961e32\">Das dritte Spiel gegen den bis dahin ungeschlagenen Tabellenf\u00fchrer MTV Rosenheim 2 war sehr spannend. Florian und Felix Schenk, die beiden Angreifer des ESV, profitierten von der sehr guten Abwehrarbeit ihrer Mannschaft und dem pr\u00e4zisen Zuspiel von Thomas Paul. So konnten sie immer wieder Schmetterb\u00e4lle im Feld des Gegners platzieren und die starke Abwehr des MTV \u00fcberwinden. Zur Freude der gesamten Mannschaft endete das Spiel mit einem knappen Sieg von 11:9 und 11:7.<\/p>\n\n\n\n<p id=\"block-cff174f8-6172-41b1-b04c-dcdecadf66e2\">So behielt die SG ESV\/MTV vor dem letzten Spieltag ihren zweiten Tabellenplatz. Das Foto zeigt das Team f\u00fcr die Hallensaison 2023\/24 der Bezirksliga Oberbayern:<\/p>\n\n\n\n<p id=\"block-76023555-5a28-4c60-8e88-ea3400eb1a27\">Hintere Reihe v.L.: Felix Schenk, Florian Schenk, Thomas Paul, G\u00fcnter Kallupp, Siegfried Bernt. Vorne v.L.: Wolfgang Schittenhelm, Klaus Bechtold, Manfred Jungwirth, Josef Waritschlager. Au\u00dferdem waren in der Saison dabei: Rudi Blechschmidt und Heinz Heger.<\/p>\n\n\n\n<figure class=\"wp-block-image\" id=\"block-ce9eee96-4564-4578-b35d-820a0d27cb33\"><img decoding=\"async\" src=\"https:\/\/faustball.esv-ro.de\/wp-content\/uploads\/2024\/01\/Bezirksliga-2023-Halle-1024x576.jpg\" alt=\"Dieses Bild hat ein leeres Alt-Attribut. Der Dateiname ist Bezirksliga-2023-Halle-1024x576.jpg\"\/><\/figure>\n\n\n\n<p id=\"block-bb38579f-b263-49ec-8265-d5c3370a50c8\"><\/p>\n\n\n\n<p id=\"block-0f43c737-4c5b-45ee-bba4-e8176a885ce9\"><strong>ESV bleibt in der Bezirksliga auf Erfolgskurs<\/strong><\/p>\n\n\n\n<p id=\"block-5d966143-8703-423f-9912-671f8d90881e\">Beim zweiten, geteilten Spieltag am 12. Nov 2023 trafen sich 4 der 8 Teams in der Trostberger Sporthalle.&nbsp;<\/p>\n\n\n\n<p id=\"block-15b735cd-516b-4990-86f9-f414449b4a03\">Im ersten Spiel traf die SG Rosenheim auf das gastgebendende Team aus Trostberg, gegen das man in der Vorwoche noch das Nachsehen hatte. Viele Fehler im Angriff f\u00fchrten zu einem holprigen Start und nur mit M\u00fche und etwas Gl\u00fcck konnte der erste Satz 12:10 gewonnen werden. Mit einer kleinen Leistungssteigerung ging auch der zweite Satz 11:7 an die SG Rosenheim.<\/p>\n\n\n\n<p id=\"block-c83e39ad-e3e3-416a-8719-bd3a0089d68a\">Im zweiten Spiel erwartete man dann das favorisierte Team des MTV Rosenheim. Trotz einer k\u00e4mpferischen und guten Leistung konnte man die MTV&#8217;ler nicht ernsthaft gef\u00e4hrden und unterlag 7:11 und 6:11.<\/p>\n\n\n\n<p id=\"block-ed108e4e-f1a0-4b2e-b6f1-92333f9f9d9d\">Das letzte Spiel gegen VfL Waldkraiburg sollte dann nochmal ein Erfolgserlebnis bringen. Aber es kam anders. Bis zum Stand von 0:8 im ersten Satz wurde die F\u00fcnf der SG Rosenheim vorgef\u00fchrt. Den mangelnden Angriffsdruck der Rosenheimer nutzten die Gegner Punkt f\u00fcr Punkt bis bis zum 11:3 Satzgewinn. Ganz anders der zweite Satz. Die Rosenheimer fanden langsam ins Spiel und es entwickelte sich eine Klasse Partie. Vor allem gegen Satzende konnte der Rosenheimer Angreifer Felix Schenk immer wieder erfolgreich abschlie\u00dfen und den Satz verdient mit 11:9 nach Hause bringen.<\/p>\n\n\n\n<p id=\"block-31450ec2-dbf2-4d16-a77e-8baff6e730ef\">So konnte der Spieltag mit 3:3 Punkten beendet werden und in der Zwischentabelle belegt die Mannschaft der SG Rosenheim mit 8:6 Punkten den 2. Rang<\/p>\n\n\n\n<p id=\"block-6b984510-f12e-4211-8b39-fd71a752219c\"><\/p>\n\n\n\n<p id=\"block-de170461-5b72-4a4b-8ad8-ad62a2f3c222\"><strong>ESV startet gut in die Hallenrunde der Bezirksliga<\/strong><\/p>\n\n\n\n<p id=\"block-c7bbe9dc-f779-475c-9d25-1ec53ba4a3f3\">Der erste Spieltag der Bezirksliga Oberbayern Hallensaison 2023\/24 fand am 5. November in der Gaborhalle Rosenheim statt. Sechs der 8 gemeldeten Mannschaften waren am Start, Dorfen und Waldkraiburg hatten spielfrei.<\/p>\n\n\n\n<p id=\"block-3832d56b-b8dc-404f-b25b-c9263c20c1de\">Bem ersten Spiel begann die Mannschaft der SG MTV \/ ESV Rosenheim wie im Rausch. Gegen das Team der WB Allianz M\u00fcnchen 2 stand es nach wenigen Minuten 10:0 und dann 11:1. Der zweite Satz lief dann nicht mehr so gut, der Gegner hatte sich auf die ESVler eingestellt und gewann mit 11:8.<\/p>\n\n\n\n<p id=\"block-508efbea-7bef-492c-82f5-84208cb3250f\">Das zweite Spiel gegen T05 M\u00fcnchen 2 war eine knappe Angelegenheit. Nach dem Satzgewinn von 11:8 wogte das Spiel im zweiten Satz lange hin und her, ehe die SG MTV \/ ESV mit 15:13 siegen konnte.<\/p>\n\n\n\n<p id=\"block-c18609ad-532f-4551-84a4-da59315600e6\">Das dritte Spiel war eindeutiger, TSV Jahn Freising wurde mit 11:6 und 11:8 bezwungen.<\/p>\n\n\n\n<p id=\"block-a1936868-69e7-4e40-a0ac-7433b9df5181\">Beim letzten Spiel waren die ESVler kr\u00e4ftem\u00e4\u00dfig nicht mehr so gut und es schlichen sich immer wieder Konzentrationsfehler ein. Die Aufschl\u00e4ge von Felix Schenk hatten nicht mehr die gew\u00fcnschte Wirkung, beim gegnerischen Aufschlag wurde er durch gezielte Angaben immer wieder aus dem Spiel genommen. So konnte die SG Trostberg\/ Altenmarkt\/ Feichten das Spiel knapp mit 11:9 und 13:11 gewinnen.<\/p>\n\n\n\n<p id=\"block-21eb67ea-c881-4dd3-9cdd-bffdac3775a4\"><\/p>\n\n\n\n<p id=\"block-3b7766d1-3772-4bdc-91f0-b9beee4a0b08\"><strong>ESV beendet die Feldrunde der Bezirksliga<\/strong> <strong>2023 im Mittelfeld<\/strong><\/p>\n\n\n\n<p id=\"block-ab08ae27-ea79-422a-a9c8-69130e51f33d\">Der erste Spieltag der Feldsaison 2023 der Bezirksliga Oberbayern fand am 7. Mai an zwei Orten parallel statt. Die SG MTV\/ ESV Rosenheim spielte auf dem Gel\u00e4nde des MTV Rosenheim und erzielte zwei Siege gegen die Mannschaften MTV Rosenheim 3 und SG Altenmarkt\/Trostberg\/Feichten. Gegen den Favoriten MTV Rosenheim 2 gab es eine deutliche Niederlage.<\/p>\n\n\n\n<p id=\"block-279a15fa-5b8d-47d6-b3bf-c63972031b05\">Der zweite Spieltag auf dem ESV-Sportplatz in Rosenheim am 14. Mai 23 f\u00fchrte alle 8 Mannschaften zusammen. Die M\u00e4nner des ESV begannen gut und besiegten TO5 M\u00fcnchen 2 deutlich. Die n\u00e4chsten beiden Spiele wurden trotz hartem Kampf knapp verloren: sowohl VfL Waldkraiburg als auch TSV Jahn Freising waren an dem Tag st\u00e4rker. Das letzte Spiel gegen die SV WB Allianz M\u00fcnchen 2 dagegen war eine klare Angelegenheit f\u00fcr den Gegner.<\/p>\n\n\n\n<p id=\"block-da7cf535-5f30-4b56-a9be-0451bd35ac3e\">Am dritten Spieltag, der am 21. Mai in Feichten und Waldkraiburg ausgetragen wurde, revanchierte sich die SG Altenmarkt\/Trostberg\/Feichten f\u00fcr die Niederlage vom ersten Spieltag. Mit 2:1 S\u00e4tzen behielt der Gastgeber die Oberhand. Gegen den Tabellenf\u00fchrer MTV Rosenheim 2 gab es eine klare Niederlage, die 3. Mannschaft des MTV wurde jedoch wieder geschlagen.<\/p>\n\n\n\n<p id=\"block-771a35ab-c1c8-4d29-9111-c19586b0c286\">Der 4. und letzte Spieltag der Bezirksliga Oberbayern Feld fand am 25.6.23 in Freising statt.<\/p>\n\n\n\n<p id=\"block-db8021d4-9e4c-4eb1-a47c-73eb3ff23b19\">Der ESV startete mit einem Sieg:&nbsp; gegen die 2. Mannschaft von T05 M\u00fcnchen dauerte es etwas, bis die Mannschaft ihren Rhythmus gefunden hatte. Der erste Satz wurde knapp mit 12:10 gewonnen. Danach waren die ESVler in Fahrt und gewannen den zweiten Satz klar mit 11:5.<\/p>\n\n\n\n<p id=\"block-46a2d455-b85f-4d2b-b643-20665c3181dc\">Die beiden folgenden Spiele verlor der ESV ungl\u00fccklich: Gegen Waldkraiburg mit 8:11, 13:11 und 8:11, gegen Freising mit 8:11, 11:9 und 8:11. Beide Spiele waren in drei S\u00e4tzen hart umk\u00e4mpft, jedes Mal hatte der Gegner zum Schluss die Nase vorn.<\/p>\n\n\n\n<p id=\"block-3ff94a1c-3324-40b7-9467-f1762638aeae\">Im letzten Spiel gegen die Mitfavoriten auf den Meistertitel, die WB Allianz M\u00fcnchen, konnte die SB ESV\/MTV nochmals alle Kr\u00e4fte mobilisieren, leider wurde der Einsatz nicht&nbsp; belohnt: ganz knapp mit 9:11 und 10:12 ging das Spiel an den Gegner.<\/p>\n\n\n\n<p id=\"block-8adfd916-a48a-4888-b9a7-b92771099119\">So beendete die SG ESV\/MTV Rosenheim die Feldrunde mit einem leistungsgerechten 5. Platz in der Abschlusstabelle.<\/p>\n\n\n\n<p id=\"block-45824c4b-28c3-4d98-a720-e51a4ed43633\">Alle Ergebnisse und die Tabelle sind <a href=\"https:\/\/www.faustball.com\/#\/contest\/5087\/competition\" target=\"_blank\" rel=\"noreferrer noopener\">hier <\/a>zu finden.<\/p>\n\n\n\n<p id=\"block-bc54dba1-66a7-4a07-8883-33766b1d3598\">Die Mannschaft der SG ESV\/ MTV Rosenheim f\u00fcr die Bezirksliga von links:<\/p>\n\n\n\n<figure class=\"wp-block-image\" id=\"block-dc760faf-6e2f-423f-9548-957f89cb7708\"><img decoding=\"async\" src=\"https:\/\/faustball.esv-ro.de\/wp-content\/uploads\/2023\/05\/Bezirksliga-2023-Feld-1024x576.jpg\" alt=\"Dieses Bild hat ein leeres Alt-Attribut. Der Dateiname ist Bezirksliga-2023-Feld-1024x576.jpg\"\/><\/figure>\n\n\n\n<figure class=\"wp-block-table\"><table><tbody><tr><td>Thomas Paul, Manfred Jungwirth, Klaus Bechtold, Gerhard Steffek, Lothar Link, Stefan Enderle, Siegfried Bernt, Wolfgang Schittenhelm, G\u00fcnter Kallupp, Heinz Heger (nicht im Bild), Josef Waritschlager (nicht im Bild)<\/td><td>\ufeff<\/td><\/tr><\/tbody><\/table><\/figure>\n\n\n\n<p><\/p>\n\n\n\n<p><strong>ESV gewinnt internationales Turnier in Piding<\/strong><\/p>\n\n\n\n<p>Das Turnier der Wasserwacht Traunstein in Piding fand nach dreij\u00e4hriger Corona-Pause am 20. Mai 2023 wieder statt. Es waren 6 Mannschaften aus 3 L\u00e4ndern angetreten: Effretikon aus der Schweiz stellte 2 Mannschaften, aus \u00d6sterreich war Seekirchen angereist und aus Deutschland neben dem ESV Rosenheim zwei Mannschaften aus Piding.<\/p>\n\n\n\n<p>Bei bestem Faustballwetter hatten die Veranstalter wieder einen stimmungsvollen Rahmen f\u00fcr das Turnier in den Salzach-Auen geschaffen.<\/p>\n\n\n\n<p>Der ESV konnte sich gegen alle 5 Gegner durchsetzen, am knappsten war das Spiel gegen die erste Mannschaft von Effretikon, das mit nur einem Punkt Vorsprung gewonnen wurde. Insgesamt war der Turniersieg verdient und der ESV konnte seinen Titel von 2019 verteidigen.<\/p>\n\n\n\n<p>Es spielten (von links.): Heinz Heger, G\u00fcnter Kallupp, Wolfgang Schittenhelm, Siegfried Bernt, Lothar Link, Josef Waritschlager, Georg Schedel.<\/p>\n\n\n\n<figure class=\"wp-block-image\"><img loading=\"lazy\" decoding=\"async\" width=\"1024\" height=\"641\" src=\"https:\/\/faustball.esv-ro.de\/wp-content\/uploads\/2023\/05\/Turnier-Piding-Mai-2023-1024x641.jpg\" alt=\"\" class=\"wp-image-880\"\/><\/figure>\n\n\n\n<ul class=\"wp-block-list\">\n<li>Seite<\/li>\n<\/ul>\n","protected":false},"excerpt":{"rendered":"<p>Spielbericht DM 60 Halle 2024 Am 24.\/25.02.24 reiste die neuformierte M60-Mannschaft des MTV\/ESV Rosenheim ins pf\u00e4lzische Tiefenthal zur Deutschen Meisterschaft. Auch wenn sich das Team etwas mehr erhofft hat, reichte es am Ende doch blo\u00df zu einem 7. Platz. Ein<\/p>\n","protected":false},"author":1,"featured_media":0,"parent":0,"menu_order":0,"comment_status":"closed","ping_status":"closed","template":"","meta":{"footnotes":""},"class_list":["post-934","page","type-page","status-publish","hentry"],"_links":{"self":[{"href":"https:\/\/faustball.esv-ro.de\/index.php?rest_route=\/wp\/v2\/pages\/934","targetHints":{"allow":["GET"]}}],"collection":[{"href":"https:\/\/faustball.esv-ro.de\/index.php?rest_route=\/wp\/v2\/pages"}],"about":[{"href":"https:\/\/faustball.esv-ro.de\/index.php?rest_route=\/wp\/v2\/types\/page"}],"author":[{"embeddable":true,"href":"https:\/\/faustball.esv-ro.de\/index.php?rest_route=\/wp\/v2\/users\/1"}],"replies":[{"embeddable":true,"href":"https:\/\/faustball.esv-ro.de\/index.php?rest_route=%2Fwp%2Fv2%2Fcomments&post=934"}],"version-history":[{"count":2,"href":"https:\/\/faustball.esv-ro.de\/index.php?rest_route=\/wp\/v2\/pages\/934\/revisions"}],"predecessor-version":[{"id":938,"href":"https:\/\/faustball.esv-ro.de\/index.php?rest_route=\/wp\/v2\/pages\/934\/revisions\/938"}],"wp:attachment":[{"href":"https:\/\/faustball.esv-ro.de\/index.php?rest_route=%2Fwp%2Fv2%2Fmedia&parent=934"}],"curies":[{"name":"wp","href":"https:\/\/api.w.org\/{rel}","templated":true}]}}