{"id":977,"date":"2024-12-31T17:06:17","date_gmt":"2024-12-31T16:06:17","guid":{"rendered":"https:\/\/faustball.esv-ro.de\/?page_id=977"},"modified":"2024-12-31T17:09:16","modified_gmt":"2024-12-31T16:09:16","slug":"2024-2","status":"publish","type":"page","link":"https:\/\/faustball.esv-ro.de\/?page_id=977","title":{"rendered":"2024"},"content":{"rendered":"\n<p><strong>M65-Faustball-Senioren des ESV Rosenheim sind internationaler \u00f6stereichischer Meister<\/strong><\/p>\n\n\n\n<p>In Lauterach bei Bregenz fanden am 12. Oktober 2024 die internationalen \u00f6sterreichischen Faustball-Masters der Senioren statt.<\/p>\n\n\n\n<p>In der Altersklasse M65 waren die Faustballer des ESV Rosenheim am Start. Bei kaltem aber trockenen Wetter waren die Rosenheimer von Beginn an konzentriert und konnten vor allem Dank starker Angriffsleistung alle 4 Partien gegen TS Lauterach, SPG Wien\/Ebersdorf, Union Schwanenstadt und die Schweizer Mannschaft aus Diepoldsau mit 2:0 S\u00e4tzen f\u00fcr sich entscheiden und somit den Turniersieg einfahren.<\/p>\n\n\n\n<p>Endstand: 1. ESV Rosenheim, 2. TS Lauterach, 3. SVD Diepoldsau\/Schmitter, 4. SPG Wien\/Kaiser Ebersdorf, 5. Union Schwanenstadt.<\/p>\n\n\n\n<p>F\u00fcr Rosenheim spielten (v.l.):  Sigi Bernt, Lothar Link, Werner Schulze,  Klaus Bechtold, Reinhold Sieber, Erhard Enderle, Wolfgang Schittenhelm, Sepp Waritschlager<\/p>\n\n\n\n<figure class=\"wp-block-image size-large\"><img loading=\"lazy\" decoding=\"async\" width=\"1024\" height=\"698\" src=\"https:\/\/faustball.esv-ro.de\/wp-content\/uploads\/2024\/10\/ESV-Rosenheim-Mannschaft-OeM-65-1024x698.jpg\" alt=\"\" class=\"wp-image-969\"\/><\/figure>\n\n\n\n<p><\/p>\n\n\n\n<p><strong>Abschlussspieltag in der BZL Oberbayern: ESV gewinnt alle 3 Spiele und schlie\u00dft die Feldrunde als Vizemeister ab.<\/strong><\/p>\n\n\n\n<p>Zum Abschluss zur Feldrunde in der BZL Oberbayern zeigte sich die Mannschaft des ESV Rosenheim in Hochform und gewann ihre Spiele ungef\u00e4hrdet.<\/p>\n\n\n\n<p>Das erste Spiel gegen T05 M\u00fcnchen 2 wurde mit 2:0 S\u00e4tzen (11:6, 11:6) zu Gunsten der ESV Mannschaft entschieden. Die ESV`ler waren klar \u00fcberlegen und gaben dem Gegner zu keinem Zeitpunkt eine realistische Chance, das Spiel zu drehen.<\/p>\n\n\n\n<p>Spannend ging es in der zweiten Begegnung zu. Der VFL Waldkraiburg war als Zweiter in der Tabelle angereist. Im 1. Satz war es bis zum Stande von 5:5 eine ausgeglichene Partie. Dann startete die Rosenheimer eine \u201eTraumserie\u201c, erzielten nacheinander 6 Punkte und gewannen den Satz mit 11:5.<\/p>\n\n\n\n<p>Im 2. Satz stand es zun\u00e4chst wieder 5:5. Dann 9:6 f\u00fcr den ESV. Man hatte schon den Sieg vor Augen, aber Waldkraiburg konnte auf 9:9 ausgleichen. Jetzt bewies unsere Mannschaft Nervenst\u00e4rke und setzte die zwei entscheidenden Punkte zum 11:9.<\/p>\n\n\n\n<p>Das 3. Spiel gegen Freising wurde deutlich mit 11:7 und 11:5 gewonnen.<\/p>\n\n\n\n<p>Damit schloss der ESV die Feldrunde mit einem ausgezeichneten 2. Platz und einem Punkteverh\u00e4ltnis von 18:6 Punkten ab.<\/p>\n\n\n\n<p>F\u00fcr den ESV spielten: Siegfried Bernt, Lothar Link, Stefan Enderle, Felix Schenk, Florian Schenk, Manfred Jungwirth und G\u00fcnter Kallupp.<\/p>\n\n\n\n<p>Alle Ergebnisse und die Tabelle des Spieltags sind <a href=\"https:\/\/www.faustball.com\/#\/contest\/6505\/competition\" target=\"_blank\" rel=\"noreferrer noopener\">hier <\/a>zu finden.<\/p>\n\n\n\n<p><strong>4. Spieltag in der BZL Oberbayern: ESV schloss den 4. Spieltag mit 4:2 Punkte ab<\/strong>.<\/p>\n\n\n\n<p>In der 1. Begegnung kam es gleich zum Lokalderby mit der Mannschaft vom MTV Rosenheim 3. Als Tabellennachbarn in den Spieltag gestartet (ESV 3. Platz, MTV 3 4. platziert), war ein spannendes Spiel zu erwarten. So kam es auch. Keine der Mannschaften konnte sich bis kurz vor dem Ende entscheidend absetzen. Den ESV`lern unterliefen auf allen Positionen leichte Fehler und so ging der 1. Satz mit 8:11 verloren.<\/p>\n\n\n\n<p>Im 2. Satz wurde die Mannschaftsaufstellung ver\u00e4ndert, was sich schnell als richtige Entscheidung erwies. Zwar ging es auch im 2. Satz hin und her, aber diesmal hatte der ESV mit 11:8 die Nase vorn.<\/p>\n\n\n\n<p>Es kam zum entscheidenden 3. Satz. Jetzt endlich hatte die Mannschaft ihren Rhythmus gefunden und legte einen furiosen Auftritt hin, gab dem MTV 3 keine Chance und gewann mit 11:3.<\/p>\n\n\n\n<p>Das 2. Spiel gegen den Tabellenzweiten Allianz M\u00fcnchen 2 verlief wieder v\u00f6llig anders. Zu wenig Druck im Angriff, zu viel leichte Fehler in der Abwehr und im Zuspiel, dazu noch spieltaktische M\u00e4ngel f\u00fchrten zu einer deutlichen Niederlage mit 2:0 S\u00e4tzen (11:5, 11:5).<\/p>\n\n\n\n<p>Im 3. Spiel gegen die T05 M\u00fcnchen 2 wurde der Beginn des 1. Satzes regelrecht verschlafen. Schnell lag man mit 4:0 hinten. Auszeit war n\u00f6tig, Auswechslung ebenfalls und so fand man wieder ins Spiel zur\u00fcck. Die Mannschaft k\u00e4mpfte sich auf 7:7 heran und gewann den Satz noch mit 11:8 Punkten. Den 2. Satz hatte man klar im Griff und gewann deutlich mit 11:5.<\/p>\n\n\n\n<p>Damit steht die Mannschaft des ESV mit 12:6 Punkten vor dem letzten Spieltag in Freising auf dem 3. Tabellenplatz.<\/p>\n\n\n\n<p>F\u00fcr den ESV &nbsp;spielten: Siegfried Bernt, Lothar Link, Stefan Enderle, Felix Schenk, Thomas Schenk und Daniel Hensel.<\/p>\n\n\n\n<p><\/p>\n\n\n\n<p><strong>3. Spieltag in der BZL Oberbayern: ESV erreichte 4:2 Punkte<\/strong><\/p>\n\n\n\n<p>Im 1. Spiel gegen den MTV Rosenheim3 (punktgleich in der Tabelle) \u00fcberzeugte die Mannschaft des ESV und lie\u00df dem Gegner keine Chance. Das Zusammenspiel von Abwehraktionen, Zuspiel und Angriffsschl\u00e4gen harmonierte und so konnten beide S\u00e4tze klar mit 11:5 und 11:4 gewonnen werden.<\/p>\n\n\n\n<p>Im 2. Spiel gegen den TSV Dorfen trat die Mannschaft aus Dorfen ersatzgeschw\u00e4cht an. Dementsprechend hatten die ESV`ler keine Schwierigkeiten auch diese Partie f\u00fcr sich zu entscheiden und mit 2:0 (11:6 und 11:5) deutlich zu gewinnen.<\/p>\n\n\n\n<p>Spannend wurde die 3. Begegnung gegen die Allianz M\u00fcnchen. Der Start wurde regelrecht verschlafen und schnell lag man im 1. Satz mit 6:1 hinten. Der Mannschaft lie\u00df Konzentration und Aggression vermissen. Nach einer Auszeit und Motivationsschub verbesserte sich die Spielweise, der 1. Satz war aber nicht mehr zu retten und ging mit 7:11 verloren.<\/p>\n\n\n\n<p>Gerade anders herum verlief der 2. Satz. Die Abwehr und das Zuspiel funktionierten sehr gut, die Angreifer punkteten zuverl\u00e4ssig und schon f\u00fchrte man mit 8:2 Punkten. Man lie\u00df nichts mehr anbrennen und entschied den Satz mit 11:6 f\u00fcr sich.<\/p>\n\n\n\n<p>Im 3. und entscheidenden Satz ging es bis zum Stande von 8:8 hin und her. Die Schwachstellen des Gegners wurden zu wenig ausgenutzt, taktisch manche Entscheidung falsch getroffen und somit blieb die Allianz im Spiel. Am Schluss fehlte das Qu\u00e4ntchen Gl\u00fcck, das Zuspiel kam nicht pr\u00e4zise oder der Ball ging knapp ins Aus. Das nutze der Gegner und so ging der 3. Satz mit 9:11 und damit auch das Spiel verloren.<\/p>\n\n\n\n<p>Nachdem die kurze Entt\u00e4uschung wegen der im letzten Spiel knappen, gr\u00f6\u00dftenteils selbst verschuldeten Niederlage verflogen war, \u00fcberwog die Freude an den erreichten positiven 4:2 Punkten und dem 3. Tabellenplatz.<\/p>\n\n\n\n<p>F\u00fcr den ESV spielten: Siegfried Bernt, Manfred Jungwirth, Lothar Link, Stefan Enderle, Felix Schenk, Florian Schenk und Michi Nied.<\/p>\n\n\n\n<p><\/p>\n\n\n\n<p><strong>ESV hat einen guten Start in die Bezirksliga Feld 2024<\/strong><\/p>\n\n\n\n<p><\/p>\n\n\n\n<p>Bei bestem Faustball-Wetter fand der 1. Spieltag der Feldsaison der Bezirksliga Oberbayern S\u00fcd am 5. Mai 2024 in Waldkraiburg statt.<\/p>\n\n\n\n<p>Die M\u00e4nner der SG ESV\/MTV Rosenheim hatten mit dem TSV Jahn Freising gleich einen harten Gegner. Die variablen Aufschl\u00e4ge der Freisinger Angreifer stellen die Abwehr des ESV vor gro\u00dfe Herausforderungen. Aber im Lauf des ersten Satzes wurden die ESVler immer sicherer und da gleichzeitig die Angriffe erfolgreich abgeschlossen wurden, konnte der Satz mit 11:9 gewonnen werden. Im zweiten Satz war die neuformierte Mannschaft dann eingespielt und gewann auch diesen mit 11:8.<\/p>\n\n\n\n<p>Das zweite Spiel gegen die TSV Dorfen war im ersten Satz eine knappe Angelegenheit. Der Dorfener Angreifer schlug konsequent auf unseren Mittelmann und der ESV ben\u00f6tigte eine Auszeit, um seine Strategie zu ver\u00e4ndern und erfolgreicher abzuwehren. Mit gro\u00dfem Einsatz wurde daraufhin mit 13:11 gewonnen. Im zweiten Satz war der Widerstand von Dorfen gebrochen und es gab einen deutliches 11:5.<\/p>\n\n\n\n<p>Zu Beginn des dritten Spiels gegen den VfL Waldkraiburg kam ein pl\u00f6tzlicher Regenguss und ver\u00e4nderte die Platzverh\u00e4ltnisse elementar. Die scharfen Angriffsb\u00e4lle des VfL konnten aufgrund des nassen Rasens nicht konsequent abgewehrt werden und der erste Satz ging mit 8:11 verloren. Im zweiten Satz hielten die ESVler lange mit, da aber unsere Angriffe nicht mehr so effizient wie in den ersten beiden Spielen waren, ging auch dieser Satz mit 9:11 an den Gegner.<\/p>\n\n\n\n<p>Mit von der Partie in Waldkraiburg waren (von links): Siegfried Bernt (Zweitschlag) , Manfred Jungwirth (Abwehr), Stefan Enderle (Mittelmann), Wolfgang Schittenhelm (Zweitschlag) Felix Schenk (Angriff) und Sepp Waritschlager (Abwehr). <\/p>\n\n\n\n<figure class=\"wp-block-image size-large\"><img loading=\"lazy\" decoding=\"async\" width=\"1024\" height=\"576\" src=\"https:\/\/faustball.esv-ro.de\/wp-content\/uploads\/2024\/05\/Bezirksliga-Spieltag-Waldkraiburg-1024x576.jpg\" alt=\"\" class=\"wp-image-941\"\/><\/figure>\n\n\n\n<p>Da nur der MTV Rosenheim 3 ein besseres Satzverh\u00e4ltnis hat, belegt die SG ESV\/MTV nach dem ersten Spieltag den zweiten Tabellenplatz in der Bezirksliga-Runde.<\/p>\n\n\n\n<p><\/p>\n","protected":false},"excerpt":{"rendered":"<p>M65-Faustball-Senioren des ESV Rosenheim sind internationaler \u00f6stereichischer Meister In Lauterach bei Bregenz fanden am 12. Oktober 2024 die internationalen \u00f6sterreichischen Faustball-Masters der Senioren statt. In der Altersklasse M65 waren die Faustballer des ESV Rosenheim am Start. Bei kaltem aber trockenen<\/p>\n","protected":false},"author":1,"featured_media":0,"parent":0,"menu_order":0,"comment_status":"closed","ping_status":"closed","template":"","meta":{"footnotes":""},"class_list":["post-977","page","type-page","status-publish","hentry"],"_links":{"self":[{"href":"https:\/\/faustball.esv-ro.de\/index.php?rest_route=\/wp\/v2\/pages\/977","targetHints":{"allow":["GET"]}}],"collection":[{"href":"https:\/\/faustball.esv-ro.de\/index.php?rest_route=\/wp\/v2\/pages"}],"about":[{"href":"https:\/\/faustball.esv-ro.de\/index.php?rest_route=\/wp\/v2\/types\/page"}],"author":[{"embeddable":true,"href":"https:\/\/faustball.esv-ro.de\/index.php?rest_route=\/wp\/v2\/users\/1"}],"replies":[{"embeddable":true,"href":"https:\/\/faustball.esv-ro.de\/index.php?rest_route=%2Fwp%2Fv2%2Fcomments&post=977"}],"version-history":[{"count":2,"href":"https:\/\/faustball.esv-ro.de\/index.php?rest_route=\/wp\/v2\/pages\/977\/revisions"}],"predecessor-version":[{"id":981,"href":"https:\/\/faustball.esv-ro.de\/index.php?rest_route=\/wp\/v2\/pages\/977\/revisions\/981"}],"wp:attachment":[{"href":"https:\/\/faustball.esv-ro.de\/index.php?rest_route=%2Fwp%2Fv2%2Fmedia&parent=977"}],"curies":[{"name":"wp","href":"https:\/\/api.w.org\/{rel}","templated":true}]}}